{"id":14954,"date":"2025-05-30T16:16:04","date_gmt":"2025-05-30T14:16:04","guid":{"rendered":"https:\/\/www.safer-security.net\/?post_type=product&#038;p=14954"},"modified":"2025-10-21T15:43:52","modified_gmt":"2025-10-21T13:43:52","slug":"nvr-tc-r3880-nvr-tiandy-80-canaux","status":"publish","type":"product","link":"https:\/\/www.safer-security.net\/?product=nvr-tc-r3880-nvr-tiandy-80-canaux","title":{"rendered":"TIANDY | NVR 80CH IP 16MP 8 HDD UP TO 24TB 640MBPS\/320MBPS"},"content":{"rendered":"<table class=\"detailTable\" width=\"1068\">\n<tbody>\n<tr class=\"param_row firsmenu_row firstRow\">\n<td class=\"param_left firsmenu_left\" width=\"267\">Vid\u00e9o et audio<\/td>\n<td class=\"param_right firsmenu_right\" width=\"801\"><\/td>\n<\/tr>\n<tr class=\"param_row secondmenu_row\">\n<td class=\"param_left secondmenu_left\" width=\"267\">Canal d&rsquo;acc\u00e8s<\/td>\n<td class=\"param_right second_common\" width=\"801\">80<\/td>\n<\/tr>\n<tr class=\"param_row secondmenu_row\">\n<td class=\"param_left secondmenu_left\" width=\"267\">Bande passante entrante<\/td>\n<td class=\"param_right secondmenu_right second_common\" width=\"801\">640 Mbps<\/td>\n<\/tr>\n<tr class=\"param_row secondmenu_row\">\n<td class=\"param_left secondmenu_left\" width=\"267\">Bande passante sortante<\/td>\n<td class=\"param_right second_common\" width=\"801\">320 Mbps<\/td>\n<\/tr>\n<tr class=\"param_row secondmenu_row\">\n<td class=\"param_left secondmenu_left\" width=\"267\">R\u00e9solution<\/td>\n<td class=\"param_right secondmenu_right second_common\" width=\"801\">16 Mpx\/12 Mpx\/8 Mpx\/6 Mpx\/5 Mpx\/4 Mpx\/3 Mpx\/1080P\/UXGA\/720P\/VGA\/4CIF\/DCIF\/2CIF\/CIF\/QCIF<\/td>\n<\/tr>\n<tr class=\"param_row secondmenu_row\">\n<td class=\"param_left secondmenu_left\" width=\"267\">Aper\u00e7u de la capacit\u00e9 de d\u00e9codage<\/td>\n<td class=\"param_right second_common\" width=\"801\">16\u00a0MP (30\u00a0ips) \u00d7 3, 12\u00a0MP (30\u00a0ips) \u00d7 4, 8\u00a0MP (30\u00a0ips) \u00d7 6, 6\u00a0MP (30\u00a0ips) \u00d7 8, 5\u00a0MP (30\u00a0ips) \u00d7 9, 4\u00a0MP (30\u00a0ips) \u00d7 12, 3\u00a0MP (30\u00a0ips) \u00d7 16, 1080\u00a0P (30\u00a0ips) \u00d7 24, 720\u00a0P (30\u00a0ips) \u00d7 48, 4\u00a0CIF (30\u00a0ips) \u00d7 80<\/td>\n<\/tr>\n<tr class=\"param_row secondmenu_row\">\n<td class=\"param_left secondmenu_left\" width=\"267\">Acc\u00e8s aux cam\u00e9ras tierces<\/td>\n<td class=\"param_right secondmenu_right second_common\" width=\"801\">ONVIF; RTSP<\/td>\n<\/tr>\n<tr class=\"param_row secondmenu_row\">\n<td class=\"param_left secondmenu_left\" width=\"267\">Sortie HDMI<\/td>\n<td class=\"param_right second_common\" width=\"801\">HDMI\u00a0: 800\u00a0\u00d7\u00a0600 (60\u00a0Hz), 1\u00a0024\u00a0\u00d7\u00a0768 (60\u00a0Hz), 1\u00a0280\u00a0\u00d7\u00a0720 (50\u00a0Hz\/60\u00a0Hz), 1\u00a0280\u00a0\u00d7\u00a0800 (60\u00a0Hz), 1\u00a0366\u00a0\u00d7\u00a0768 (60\u00a0Hz), 1\u00a0440\u00a0\u00d7\u00a0900 (60\u00a0Hz), 1\u00a0920\u00a0\u00d7\u00a01\u00a0080 (50\u00a0Hz\/60\u00a0Hz), 2\u00a0560\u00a0\u00d7\u00a01\u00a0440 (30\u00a0Hz\/60\u00a0Hz), 2\u00a0560\u00a0\u00d7\u00a01\u00a0600 (60\u00a0Hz), (4K) 3\u00a0840\u00a0\u00d7\u00a02\u00a0160 (30\u00a0Hz\/60\u00a0Hz)<\/td>\n<\/tr>\n<tr class=\"param_row secondmenu_row\">\n<td class=\"param_left secondmenu_left\" width=\"267\">Affichage en direct<\/td>\n<td class=\"param_right secondmenu_right second_common\" width=\"801\">Sortie ind\u00e9pendante : HDMI1\/VGA1 : 1\/2\/3\/4\/5\/6\/7\/8\/9\/10\/12\/13\/16\/20A\/20B\/25\/32\/36\/40\/64\/80 HDMI2\/VGA2 : 1\/2\/3\/4\/5\/6\/7\/8\/9\/10\/12\/13\/16\/20A\/20B\/25\/32\/36\/40\/64\/80<\/td>\n<\/tr>\n<tr class=\"param_row secondmenu_row\">\n<td class=\"param_left secondmenu_left\" width=\"267\">Sortie VGA<\/td>\n<td class=\"param_right second_common\" width=\"801\">VGA\u00a0: 800\u00a0\u00d7\u00a0600 (60\u00a0Hz), 1\u00a0024\u00a0\u00d7\u00a0768 (60\u00a0Hz), 1\u00a0280\u00a0\u00d7\u00a0720 (50\u00a0Hz\/60\u00a0Hz), 1\u00a0280\u00a0\u00d7\u00a0800 (60\u00a0Hz), 1\u00a0366\u00a0\u00d7\u00a0768 (60\u00a0Hz), 1\u00a0440\u00a0\u00d7\u00a0900 (60\u00a0Hz), 1\u00a0920\u00a0\u00d7\u00a01\u00a0080 (50\u00a0Hz\/60\u00a0Hz)<\/td>\n<\/tr>\n<tr class=\"param_row secondmenu_row\">\n<td class=\"param_left secondmenu_left\" width=\"267\">Affichage multi-\u00e9crans<\/td>\n<td class=\"param_right secondmenu_right second_common\" width=\"801\">1\/2\/3\/4\/5\/6\/7\/8\/9\/10\/12\/13\/16\/20A\/20B\/25\/32\/36\/40\/64\/80<\/td>\n<\/tr>\n<tr class=\"param_row secondmenu_row\">\n<td class=\"param_left secondmenu_left\" width=\"267\">Entr\u00e9e audio<\/td>\n<td class=\"param_right second_common\" width=\"801\">1 canal, 3,5 mm<\/td>\n<\/tr>\n<tr class=\"param_row secondmenu_row\">\n<td class=\"param_left secondmenu_left\" width=\"267\">Sortie audio<\/td>\n<td class=\"param_right secondmenu_right second_common\" width=\"801\">1 canal, 3,5 mm\u00a0; BNC<\/td>\n<\/tr>\n<tr class=\"param_row secondmenu_row\">\n<td class=\"param_left secondmenu_left\" width=\"267\">Audio bidirectionnel<\/td>\n<td class=\"param_right second_common\" width=\"801\">1 canal, 3,5 mm, utilisant l&rsquo;entr\u00e9e audio<\/td>\n<\/tr>\n<tr class=\"param_row firsmenu_row\">\n<td class=\"param_left firsmenu_left\" width=\"267\">Compression<\/td>\n<td class=\"param_right firsmenu_right\" width=\"801\"><\/td>\n<\/tr>\n<tr class=\"param_row secondmenu_row\">\n<td class=\"param_left secondmenu_left\" width=\"267\">Vid\u00e9o<\/td>\n<td class=\"param_right second_common\" width=\"801\">S+265; H.265; S+264; H.264<\/td>\n<\/tr>\n<tr class=\"param_row secondmenu_row\">\n<td class=\"param_left secondmenu_left\" width=\"267\">Audio<\/td>\n<td class=\"param_right secondmenu_right second_common\" width=\"801\">G711A; G711U; AAC; ADPCM_DIV4<\/td>\n<\/tr>\n<tr class=\"param_row secondmenu_row\">\n<td class=\"param_left secondmenu_left\" width=\"267\">Type de flux<\/td>\n<td class=\"param_right second_common\" width=\"801\">Vid\u00e9o; Vid\u00e9o et audio<\/td>\n<\/tr>\n<tr class=\"param_row firsmenu_row\">\n<td class=\"param_left firsmenu_left\" width=\"267\">R\u00e9seau<\/td>\n<td class=\"param_right firsmenu_right\" width=\"801\"><\/td>\n<\/tr>\n<tr class=\"param_row secondmenu_row\">\n<td class=\"param_left secondmenu_left\" width=\"267\">Protocole r\u00e9seau<\/td>\n<td class=\"param_right second_common\" width=\"801\">ARP\u00a0; DDNS\u00a0; DHCP\u00a0; DNS\u00a0; Easy DDNS\u00a0; FTP\u00a0; HTTP\u00a0; HTTPS\u00a0; ICMP\u00a0; IGMP\u00a0; IPv4\u00a0; IPv6\u00a0; Multidiffusion\u00a0; NFS\u00a0; NTP\u00a0; PPPoE\u00a0; RTCP\u00a0; RTP\u00a0; RTSP\u00a0; SMB\/CIFS\u00a0; SMTP\u00a0; SNMP\u00a0; SRTP\u00a0; SSH\u00a0; SSL\u00a0; TLSv1.2, TLSv1.3\u00a0; TCP\/IP\u00a0; UDP\u00a0; Monodiffusion\u00a0; UPnP<\/td>\n<\/tr>\n<tr class=\"param_row secondmenu_row\">\n<td class=\"param_left secondmenu_left\" width=\"267\">Acc\u00e8s au t\u00e9l\u00e9phone mobile<\/td>\n<td class=\"param_right secondmenu_right second_common\" width=\"801\">Android; iOS; P2P_A<\/td>\n<\/tr>\n<tr class=\"param_row secondmenu_row\">\n<td class=\"param_left secondmenu_left\" width=\"267\">Compatibilit\u00e9 du syst\u00e8me<\/td>\n<td class=\"param_right second_common\" width=\"801\">ONVIF (profil T\/S\/G) ; RTSP ; CGI ; SDK<\/td>\n<\/tr>\n<tr class=\"param_row secondmenu_row\">\n<td class=\"param_left secondmenu_left\" width=\"267\">Web<\/td>\n<td class=\"param_right secondmenu_right second_common\" width=\"801\">IE10+; Firefox52+; Edge89+; Safari11+; Chrome57+<\/td>\n<\/tr>\n<tr class=\"param_row firsmenu_row\">\n<td class=\"param_left firsmenu_left\" width=\"267\">Enregistrement et lecture<\/td>\n<td class=\"param_right firsmenu_right\" width=\"801\"><\/td>\n<\/tr>\n<tr class=\"param_row secondmenu_row\">\n<td class=\"param_left secondmenu_left\" width=\"267\">Lecture multicanal<\/td>\n<td class=\"param_right secondmenu_right second_common\" width=\"801\">16<\/td>\n<\/tr>\n<tr class=\"param_row secondmenu_row\">\n<td class=\"param_left secondmenu_left\" width=\"267\">Mode d&rsquo;enregistrement<\/td>\n<td class=\"param_right second_common\" width=\"801\">Enregistrement manuel ; Enregistrement d&rsquo;alarme ; Enregistrement programm\u00e9<\/td>\n<\/tr>\n<tr class=\"param_row secondmenu_row\">\n<td class=\"param_left secondmenu_left\" width=\"267\">M\u00e9thode de stockage<\/td>\n<td class=\"param_right secondmenu_right second_common\" width=\"801\">Disque dur local, eSATA<\/td>\n<\/tr>\n<tr class=\"param_row secondmenu_row\">\n<td class=\"param_left secondmenu_left\" width=\"267\">Sauvegarde<\/td>\n<td class=\"param_right second_common\" width=\"801\">P\u00e9riph\u00e9rique de stockage USB, eSATA, r\u00e9seau<\/td>\n<\/tr>\n<tr class=\"param_row secondmenu_row\">\n<td class=\"param_left secondmenu_left\" width=\"267\">Fonction de lecture<\/td>\n<td class=\"param_right secondmenu_right second_common\" width=\"801\">Lecture\/Pause\/Arr\u00eat\/Ralentissement\/Vitesse\/Recul 30 s\/Avance 30 s\/Plein \u00e9cran\/Sauvegarde (montage vid\u00e9o)\/\u00c9tape\/Zoom num\u00e9rique<\/td>\n<\/tr>\n<tr class=\"param_row secondmenu_row\">\n<td class=\"param_left secondmenu_left\" width=\"267\">Enregistrement \u00e0 double flux<\/td>\n<td class=\"param_right second_common\" width=\"801\">Enregistrement \u00e0 double flux<\/td>\n<\/tr>\n<tr class=\"param_row firsmenu_row\">\n<td class=\"param_left firsmenu_left\" width=\"267\">Alarme<\/td>\n<td class=\"param_right firsmenu_right\" width=\"801\"><\/td>\n<\/tr>\n<tr class=\"param_row secondmenu_row\">\n<td class=\"param_left secondmenu_left\" width=\"267\">Alarme g\u00e9n\u00e9rale<\/td>\n<td class=\"param_right second_common\" width=\"801\">Mouvement\u00a0; Alarme de masque\u00a0; Entr\u00e9e d&rsquo;alarme (IPC)\u00a0; Perte vid\u00e9o\u00a0; Entr\u00e9e d&rsquo;alarme (NVR)\u00a0; Alarme manuelle<\/td>\n<\/tr>\n<tr class=\"param_row secondmenu_row\">\n<td class=\"param_left secondmenu_left\" width=\"267\">Alarme d&rsquo;exceptions<\/td>\n<td class=\"param_right secondmenu_right second_common\" width=\"801\">Conflit IP\u00a0; Conflit MAC\u00a0; R\u00e9seau d\u00e9connect\u00e9\u00a0; Pas de disque\u00a0; Acc\u00e8s ill\u00e9gal\u00a0; Alerte d&rsquo;espace disque\u00a0; Disque plein\u00a0; Erreur de lecture\/\u00e9criture du disque\u00a0; Vid\u00e9o anormale\u00a0; Anomalie d\u00e9tect\u00e9e dans la m\u00e9moire du disque\u00a0; Temp\u00e9rature anormale du disque\u00a0; Exception de disque de secours\u00a0; Exception de matrice\u00a0; Tension IPC anormale\u00a0; Panne RTC<\/td>\n<\/tr>\n<tr class=\"param_row firsmenu_row\">\n<td class=\"param_left firsmenu_left\" width=\"267\">Analyse intelligente<\/td>\n<td class=\"param_right firsmenu_right\" width=\"801\"><\/td>\n<\/tr>\n<tr class=\"param_row secondmenu_row\">\n<td class=\"param_left secondmenu_left\" width=\"267\">IA par cam\u00e9ra<\/td>\n<td class=\"param_right secondmenu_right second_common\" width=\"801\">Fil de d\u00e9clenchement\u00a0; Double fil de d\u00e9clenchement\u00a0; P\u00e9rim\u00e8tre\u00a0; Abandon d&rsquo;objet\u00a0; Objet manquant\u00a0; Fl\u00e2nerie\u00a0; Course\u00a0; Stationnement\u00a0; Carte thermique\u00a0; Identification de l&rsquo;objectif\u00a0; Identification du changement de sc\u00e8ne\u00a0; D\u00e9tection d&rsquo;anomalies de signal\u00a0; D\u00e9tection de perte de signal\u00a0; Reconnaissance de plaques d&rsquo;immatriculation\u00a0; D\u00e9tection en service\u00a0; D\u00e9tection de foule\u00a0; Agent de stationnement\u00a0; D\u00e9tection de casque de s\u00e9curit\u00e9\u00a0; Test de v\u00e9hicules \u00e9lectriques\u00a0; Comptage de personnes\u00a0; Lien vers le suivi\u00a0; D\u00e9tection de feux d&rsquo;artifice\u00a0; Mesure de la temp\u00e9rature ambiante\u00a0; D\u00e9tection des visages\u00a0; Mesure de la temp\u00e9rature corporelle\u00a0; Intelligence avanc\u00e9e\u00a0; Coop\u00e9ration avec un syst\u00e8me de reconnaissance faciale<\/td>\n<\/tr>\n<tr class=\"param_row secondmenu_row\">\n<td class=\"param_left secondmenu_left\" width=\"267\">Recherche VCA<\/td>\n<td class=\"param_right second_common\" width=\"801\">Carte thermique ; Recherche d&rsquo;alerte pr\u00e9coce ; Recherche comportementale ; Recherche de plaque d&rsquo;immatriculation ; Recherche de casque de s\u00e9curit\u00e9 ; R\u00e9cup\u00e9ration thermographique ; Recherche de service ; R\u00e9cup\u00e9ration de v\u00e9hicule \u00e9lectrique ; Recherche faciale<\/td>\n<\/tr>\n<tr class=\"param_row firsmenu_row\">\n<td class=\"param_left firsmenu_left\" width=\"267\">D\u00e9tection de visage<\/td>\n<td class=\"param_right firsmenu_right\" width=\"801\"><\/td>\n<\/tr>\n<tr class=\"param_row secondmenu_row\">\n<td class=\"param_left secondmenu_left\" width=\"267\">Attributs du visage<\/td>\n<td class=\"param_right second_common\" width=\"801\">Sexe ; \u00e2ge ; lunettes ; masque buccal ; temp\u00e9rature corporelle.<\/td>\n<\/tr>\n<tr class=\"param_row firsmenu_row\">\n<td class=\"param_left firsmenu_left\" width=\"267\">Reconnaissance faciale<\/td>\n<td class=\"param_right firsmenu_right\" width=\"801\"><\/td>\n<\/tr>\n<tr class=\"param_row secondmenu_row\">\n<td class=\"param_left secondmenu_left\" width=\"267\">Biblioth\u00e8que d&rsquo;images de visages<\/td>\n<td class=\"param_right second_common\" width=\"801\">Jusqu&rsquo;\u00e0 300 biblioth\u00e8ques de visages Jusqu&rsquo;\u00e0 100 000 images de base<\/td>\n<\/tr>\n<tr class=\"param_row secondmenu_row\">\n<td class=\"param_left secondmenu_left\" width=\"267\">Comparaison d&rsquo;images de visage<\/td>\n<td class=\"param_right secondmenu_right second_common\" width=\"801\">Coop\u00e9rer avec la machine de reconnaissance faciale<\/td>\n<\/tr>\n<tr class=\"param_row firsmenu_row\">\n<td class=\"param_left firsmenu_left\" width=\"267\">Stockage<\/td>\n<td class=\"param_right firsmenu_right\" width=\"801\"><\/td>\n<\/tr>\n<tr class=\"param_row secondmenu_row\">\n<td class=\"param_left secondmenu_left\" width=\"267\">Capacit\u00e9 du disque dur<\/td>\n<td class=\"param_right secondmenu_right second_common\" width=\"801\">Jusqu&rsquo;\u00e0 18 To de capacit\u00e9 pour chaque disque dur<\/td>\n<\/tr>\n<tr class=\"param_row secondmenu_row\">\n<td class=\"param_left secondmenu_left\" width=\"267\">Groupe de disques<\/td>\n<td class=\"param_right second_common\" width=\"801\">Groupe de 8 disques<\/td>\n<\/tr>\n<tr class=\"param_row secondmenu_row\">\n<td class=\"param_left secondmenu_left\" width=\"267\">RAID<\/td>\n<td class=\"param_right secondmenu_right second_common\" width=\"801\">JBOD, RAID0, RAID1, RAID5, RAID6, RAID10<\/td>\n<\/tr>\n<tr class=\"param_row firsmenu_row\">\n<td class=\"param_left firsmenu_left\" width=\"267\">Port externe<\/td>\n<td class=\"param_right firsmenu_right\" width=\"801\"><\/td>\n<\/tr>\n<tr class=\"param_row secondmenu_row\">\n<td class=\"param_left secondmenu_left\" width=\"267\">eSATA<\/td>\n<td class=\"param_right secondmenu_right second_common\" width=\"801\">1 \u00d7 eSATA<\/td>\n<\/tr>\n<tr class=\"param_row secondmenu_row\">\n<td class=\"param_left secondmenu_left\" width=\"267\">USB<\/td>\n<td class=\"param_right second_common\" width=\"801\">2\u00d7USB2.0; 1\u00d7USB3.0<\/td>\n<\/tr>\n<tr class=\"param_row secondmenu_row\">\n<td class=\"param_left secondmenu_left\" width=\"267\">HDMI<\/td>\n<td class=\"param_right secondmenu_right second_common\" width=\"801\">2 \u00d7 HDMI (prend en charge une sortie de r\u00e9solution jusqu&rsquo;\u00e0 4K)<\/td>\n<\/tr>\n<tr class=\"param_row secondmenu_row\">\n<td class=\"param_left secondmenu_left\" width=\"267\">VGA<\/td>\n<td class=\"param_right second_common\" width=\"801\">2\u00d7VGA<\/td>\n<\/tr>\n<tr class=\"param_row secondmenu_row\">\n<td class=\"param_left secondmenu_left\" width=\"267\">Interface r\u00e9seau<\/td>\n<td class=\"param_right secondmenu_right second_common\" width=\"801\">2 ports Ethernet auto-adaptatifs RJ-45, 10\/100\/1000 Mbps<\/td>\n<\/tr>\n<tr class=\"param_row secondmenu_row\">\n<td class=\"param_left secondmenu_left\" width=\"267\">SATA<\/td>\n<td class=\"param_right second_common\" width=\"801\">Interface SATA 8 \u00d7<\/td>\n<\/tr>\n<tr class=\"param_row secondmenu_row\">\n<td class=\"param_left secondmenu_left\" width=\"267\">RS232<\/td>\n<td class=\"param_right secondmenu_right second_common\" width=\"801\">1\u00d7RS232<\/td>\n<\/tr>\n<tr class=\"param_row secondmenu_row\">\n<td class=\"param_left secondmenu_left\" width=\"267\">RS485<\/td>\n<td class=\"param_right second_common\" width=\"801\">2\u00d7RS485<\/td>\n<\/tr>\n<tr class=\"param_row secondmenu_row\">\n<td class=\"param_left secondmenu_left\" width=\"267\">E\/S d&rsquo;alarme<\/td>\n<td class=\"param_right secondmenu_right second_common\" width=\"801\">16 canaux, entr\u00e9es TTL, 3 mA, 3,3 V CC\u00a0; 4 canaux, sorties relais, 1 A, 24 V CC<\/td>\n<\/tr>\n<tr class=\"param_row firsmenu_row\">\n<td class=\"param_left firsmenu_left\" width=\"267\">G\u00e9n\u00e9ral<\/td>\n<td class=\"param_right firsmenu_right\" width=\"801\"><\/td>\n<\/tr>\n<tr class=\"param_row secondmenu_row\">\n<td class=\"param_left secondmenu_left\" width=\"267\">Langue de l&rsquo;interface utilisateur<\/td>\n<td class=\"param_right secondmenu_right second_common\" width=\"801\">Chinois simplifi\u00e9\u00a0; chinois traditionnel\u00a0; anglais\u00a0; espagnol\u00a0; cor\u00e9en\u00a0; italien\u00a0; turc\u00a0; russe\u00a0; tha\u00ef\u00a0; fran\u00e7ais\u00a0; polonais\u00a0; n\u00e9erlandais\u00a0; h\u00e9breu\u00a0; arabe\u00a0; vietnamien\u00a0; allemand\u00a0; ukrainien\u00a0; portugais\u00a0; albanais<\/td>\n<\/tr>\n<tr class=\"param_row secondmenu_row\">\n<td class=\"param_left secondmenu_left\" width=\"267\">Alimentation \u00e9lectrique<\/td>\n<td class=\"param_right second_common\" width=\"801\">100~240 V CA<\/td>\n<\/tr>\n<tr class=\"param_row secondmenu_row\">\n<td class=\"param_left secondmenu_left\" width=\"267\">Consommation d&rsquo;\u00e9nergie<\/td>\n<td class=\"param_right secondmenu_right second_common\" width=\"801\">&lt;18 W (disque dur non inclus, au ralenti)<\/td>\n<\/tr>\n<tr class=\"param_row secondmenu_row\">\n<td class=\"param_left secondmenu_left\" width=\"267\">Poids net<\/td>\n<td class=\"param_right second_common\" width=\"801\">8 kg<\/td>\n<\/tr>\n<tr class=\"param_row secondmenu_row\">\n<td class=\"param_left secondmenu_left\" width=\"267\">Poids brut<\/td>\n<td class=\"param_right secondmenu_right second_common\" width=\"801\">10,38 kg<\/td>\n<\/tr>\n<tr class=\"param_row secondmenu_row\">\n<td class=\"param_left secondmenu_left\" width=\"267\">Dimensions des limites<\/td>\n<td class=\"param_right second_common\" width=\"801\">440(L)460(l)94(H)mm<\/td>\n<\/tr>\n<tr class=\"param_row secondmenu_row\">\n<td class=\"param_left secondmenu_left\" width=\"267\">Dimensions du colis<\/td>\n<td class=\"param_right secondmenu_right second_common\" width=\"801\">565(L)565(l)220(H)mm<\/td>\n<\/tr>\n<tr class=\"param_row secondmenu_row\">\n<td class=\"param_left secondmenu_left\" width=\"267\">Temp\u00e9rature de fonctionnement<\/td>\n<td class=\"param_right second_common\" width=\"801\">-10\u2103~+55\u2103<\/td>\n<\/tr>\n<tr class=\"param_row secondmenu_row\">\n<td class=\"param_left secondmenu_left\" width=\"267\">Humidit\u00e9 de fonctionnement<\/td>\n<td class=\"param_right secondmenu_right second_common\" width=\"801\">10%~90% HR<\/td>\n<\/tr>\n<tr class=\"param_row secondmenu_row\">\n<td class=\"param_left secondmenu_left\" width=\"267\">Temp\u00e9rature de stockage<\/td>\n<td class=\"param_right second_common\" width=\"801\">-10\u2103~+55\u2103<\/td>\n<\/tr>\n<tr class=\"param_row secondmenu_row\">\n<td class=\"param_left secondmenu_left\" width=\"267\">Humidit\u00e9 de stockage<\/td>\n<td class=\"param_right secondmenu_right second_common\" width=\"801\">10%~90% HR<\/td>\n<\/tr>\n<tr class=\"param_row secondmenu_row\">\n<td class=\"param_left secondmenu_left\" width=\"267\">Kit d&#8217;emballage<\/td>\n<td class=\"param_right second_common\" width=\"801\">Enregistreur vid\u00e9o r\u00e9seau\u00a0; Pack de vis\u00a0; Souris\u00a0; Cordon d&rsquo;alimentation standard europ\u00e9en\u00a0; 2\u00a0plaques d&rsquo;oreille\u00a0; 8\u00a0c\u00e2bles de donn\u00e9es pour disque dur SATA<\/td>\n<\/tr>\n<\/tbody>\n<\/table>\n","protected":false},"excerpt":{"rendered":"<ul>\n<li>Jusqu&rsquo;\u00e0 80 cam\u00e9ras IP peuvent \u00eatre connect\u00e9es<\/li>\n<li>Prend en charge la visualisation en direct, le stockage et la lecture jusqu&rsquo;\u00e0 une r\u00e9solution de 12\u00a0MP<\/li>\n<li>La compression S+265 r\u00e9duit efficacement l&rsquo;espace de stockage et les co\u00fbts jusqu&rsquo;\u00e0 75 %<\/li>\n<li>R\u00e9solution 4K (3840 \u00d7 2160) Sortie HDMI, sorties HDMI et VGA ind\u00e9pendantes<\/li>\n<li>8 interfaces SATA pour l&rsquo;enregistrement et la sauvegarde, jusqu&rsquo;\u00e0 10 To pour chaque disque dur<\/li>\n<li>Formats vid\u00e9o S+265\/H.265\/H.264, prise en charge des cam\u00e9ras r\u00e9seau tierces<\/li>\n<li>2 interfaces r\u00e9seau RJ45 auto-adaptatives 10\/100\/1000 Mbps<\/li>\n<\/ul>\n","protected":false},"featured_media":14956,"comment_status":"open","ping_status":"closed","template":"","meta":[],"product_cat":[238,236],"product_tag":[261],"class_list":{"0":"post-14954","1":"product","2":"type-product","3":"status-publish","4":"has-post-thumbnail","6":"product_cat-securite-surveillance","7":"product_cat-video-surveillance","8":"product_tag-network-video-recorder-nvr","9":"product_brand-tiandy","11":"first","12":"instock","13":"taxable","14":"shipping-taxable","15":"product-type-simple"},"_links":{"self":[{"href":"https:\/\/www.safer-security.net\/index.php?rest_route=\/wp\/v2\/product\/14954","targetHints":{"allow":["GET"]}}],"collection":[{"href":"https:\/\/www.safer-security.net\/index.php?rest_route=\/wp\/v2\/product"}],"about":[{"href":"https:\/\/www.safer-security.net\/index.php?rest_route=\/wp\/v2\/types\/product"}],"replies":[{"embeddable":true,"href":"https:\/\/www.safer-security.net\/index.php?rest_route=%2Fwp%2Fv2%2Fcomments&post=14954"}],"version-history":[{"count":3,"href":"https:\/\/www.safer-security.net\/index.php?rest_route=\/wp\/v2\/product\/14954\/revisions"}],"predecessor-version":[{"id":15071,"href":"https:\/\/www.safer-security.net\/index.php?rest_route=\/wp\/v2\/product\/14954\/revisions\/15071"}],"wp:featuredmedia":[{"embeddable":true,"href":"https:\/\/www.safer-security.net\/index.php?rest_route=\/wp\/v2\/media\/14956"}],"wp:attachment":[{"href":"https:\/\/www.safer-security.net\/index.php?rest_route=%2Fwp%2Fv2%2Fmedia&parent=14954"}],"wp:term":[{"taxonomy":"product_cat","embeddable":true,"href":"https:\/\/www.safer-security.net\/index.php?rest_route=%2Fwp%2Fv2%2Fproduct_cat&post=14954"},{"taxonomy":"product_tag","embeddable":true,"href":"https:\/\/www.safer-security.net\/index.php?rest_route=%2Fwp%2Fv2%2Fproduct_tag&post=14954"}],"curies":[{"name":"wp","href":"https:\/\/api.w.org\/{rel}","templated":true}]}}