{"id":14959,"date":"2025-05-30T17:16:14","date_gmt":"2025-05-30T15:16:14","guid":{"rendered":"https:\/\/www.safer-security.net\/?post_type=product&#038;p=14959"},"modified":"2025-05-30T17:31:27","modified_gmt":"2025-05-30T15:31:27","slug":"uac-t112-af2840","status":"publish","type":"product","link":"https:\/\/www.safer-security.net\/?product=uac-t112-af2840","title":{"rendered":"UAC-T112-AF28(40)"},"content":{"rendered":"<div class=\"p-contlist wr cf7\" data-search=\"content\">\n<div class=\"item \">\n<div class=\"tableProDetails\">\n<table width=\"100%\">\n<tbody>\n<tr>\n<td class=\"thead\" width=\"20%\"><\/td>\n<td class=\"thead\" colspan=\"4\" width=\"40%\">UAC-T112-AF28<\/td>\n<td class=\"thead\" colspan=\"4\" width=\"40%\">UAC-T112-AF40<\/td>\n<\/tr>\n<tr>\n<td class=\"thead\" colspan=\"9\">Cam\u00e9ra<b><\/b><\/td>\n<\/tr>\n<tr>\n<td>R\u00e9solution maximale<\/td>\n<td colspan=\"8\">2 MP<\/td>\n<\/tr>\n<tr>\n<td>Taille du capteur<\/td>\n<td colspan=\"8\">CMOS 1\/3,0&Prime;<\/td>\n<\/tr>\n<tr>\n<td>\u00c9clairage minimal<\/td>\n<td colspan=\"8\">0,02 lux (F2.0, AGC activ\u00e9)<br \/>\n0 lux (IR activ\u00e9)<\/td>\n<\/tr>\n<tr>\n<td class=\"thead\" colspan=\"9\">Lentille<b><\/b><\/td>\n<\/tr>\n<tr>\n<td>Se concentrer<\/td>\n<td colspan=\"4\">2,8 mm<\/td>\n<td colspan=\"4\">4,0 mm<\/td>\n<\/tr>\n<tr>\n<td>Monture d&rsquo;objectif<\/td>\n<td colspan=\"8\">M12<\/td>\n<\/tr>\n<tr>\n<td>Angle de vue (H)<\/td>\n<td colspan=\"4\">90,5\u00b0<\/td>\n<td colspan=\"4\">80,2\u00b0<\/td>\n<\/tr>\n<tr>\n<td>Angle de vue (V)<\/td>\n<td colspan=\"4\">49,6\u00b0<\/td>\n<td colspan=\"4\">40,7\u00b0<\/td>\n<\/tr>\n<tr>\n<td>Angle de vue (D)<\/td>\n<td colspan=\"4\">109,5\u00b0<\/td>\n<td colspan=\"4\">90,5\u00b0<\/td>\n<\/tr>\n<tr>\n<td class=\"thead\" colspan=\"9\">Illuminateur<b><\/b><\/td>\n<\/tr>\n<tr>\n<td>Num\u00e9ro d&rsquo;illuminateur<\/td>\n<td colspan=\"8\">Un illuminateur IR<\/td>\n<\/tr>\n<tr>\n<td>Distance d&rsquo;\u00e9clairage<\/td>\n<td colspan=\"8\">20 m<\/td>\n<\/tr>\n<tr>\n<td>Dur\u00e9e de vie<\/td>\n<td colspan=\"8\">\u2265 60 000 heures<\/td>\n<\/tr>\n<tr>\n<td class=\"thead\" colspan=\"9\">Vid\u00e9o<b><\/b><\/td>\n<\/tr>\n<tr>\n<td>R\u00e9solution<\/td>\n<td colspan=\"8\">1080P\u00a0: 1920(H)\u00d71080(V)<br \/>\n720P\u00a0: 1280(H)\u00d7720(V)<\/td>\n<\/tr>\n<tr>\n<td>Fr\u00e9quence d&rsquo;images<\/td>\n<td colspan=\"8\">TVI\u00a0: 1\u00a0080\u00a0p \u00e0 25\u00a0ips (par d\u00e9faut), 1\u00a0080\u00a0p \u00e0 30\u00a0ips\u00a0; 720\u00a0p \u00e0 25\u00a0ips<br \/>\n, 720\u00a0p \u00e0 30\u00a0ips AHD\u00a0: 1\u00a0080\u00a0p \u00e0 25\u00a0ips<br \/>\n, 1\u00a0080\u00a0p \u00e0 30\u00a0ips\u00a0; 720\u00a0p \u00e0 25\u00a0ips, 720\u00a0p \u00e0 30\u00a0ips CVI\u00a0: 1\u00a0080\u00a0p \u00e0 25\u00a0ips, 1\u00a0080\u00a0p \u00e0 30\u00a0ips\u00a0; 720\u00a0p \u00e0 25\u00a0ips, 720\u00a0p \u00e0 30\u00a0ips<br \/>\nCVBS\u00a0: PAL, NTSC<\/td>\n<\/tr>\n<tr>\n<td>Temps d&rsquo;obturation<\/td>\n<td colspan=\"8\">PAL\u00a0: 1\/25\u00a0s-1\/50\u00a0000\u00a0s,<br \/>\nNTSC\u00a0: 1\/30\u00a0s-1\/50\u00a0000\u00a0s<\/td>\n<\/tr>\n<tr>\n<td class=\"thead\" colspan=\"9\">Image<b><\/b><\/td>\n<\/tr>\n<tr>\n<td>Mode d&rsquo;exposition<\/td>\n<td colspan=\"8\">Quatre modes\u00a0: Global (par d\u00e9faut), BLC, HLC, DWDR<\/td>\n<\/tr>\n<tr>\n<td>Jour\/Nuit<\/td>\n<td colspan=\"8\">Trois modes : Auto (par d\u00e9faut), Jour, Nuit<\/td>\n<\/tr>\n<tr>\n<td>R\u00e9duction du bruit num\u00e9rique<\/td>\n<td colspan=\"8\">2D\/3D<\/td>\n<\/tr>\n<tr>\n<td>Balance des blancs<\/td>\n<td colspan=\"8\">Deux modes : Auto (par d\u00e9faut), Manuel<\/td>\n<\/tr>\n<tr>\n<td>WDR<\/td>\n<td colspan=\"8\">DWDR<\/td>\n<\/tr>\n<tr>\n<td>IR intelligent<\/td>\n<td colspan=\"8\">Soutien<\/td>\n<\/tr>\n<tr>\n<td>Retourner<\/td>\n<td colspan=\"8\">Prend en charge le retournement horizontal \u00e0 180\u00b0 et le retournement vertical \u00e0 180\u00b0<\/td>\n<\/tr>\n<tr>\n<td>D\u00e9sembuage num\u00e9rique<\/td>\n<td colspan=\"8\">N \/ A<\/td>\n<\/tr>\n<tr>\n<td class=\"thead\" colspan=\"9\">Audio<b><\/b><\/td>\n<\/tr>\n<tr>\n<td>Microphone int\u00e9gr\u00e9<\/td>\n<td colspan=\"8\">Soutien<\/td>\n<\/tr>\n<tr>\n<td>Audio de la cam\u00e9ra<\/td>\n<td colspan=\"8\">TVI\u00a0: 1080P \u00e0 25\u00a0ips, 1080P \u00e0 30\u00a0ips<br \/>\nCVI\u00a0: 1080P \u00e0 25\u00a0ips, 1080P \u00e0 30\u00a0ips<\/td>\n<\/tr>\n<tr>\n<td class=\"thead\" colspan=\"9\">Interface<b><\/b><\/td>\n<\/tr>\n<tr>\n<td>Interface d&rsquo;alimentation<\/td>\n<td colspan=\"8\">Interface d&rsquo;alimentation 5,5 mm<\/td>\n<\/tr>\n<tr>\n<td>Sortie vid\u00e9o<\/td>\n<td colspan=\"8\">BNC, prend en charge TVI\/AHD\/CVI\/CVBS<\/td>\n<\/tr>\n<tr>\n<td class=\"thead\" colspan=\"9\">Environnement d&rsquo;exploitation<b><\/b><\/td>\n<\/tr>\n<tr>\n<td>Temp\u00e9rature<\/td>\n<td colspan=\"8\">-30 \u2103 \u00e0 60 \u2103 (-22 \u2109 \u00e0 140 \u2109)<\/td>\n<\/tr>\n<tr>\n<td>Humidit\u00e9<\/td>\n<td colspan=\"8\">\u2264 95 % HR (sans condensation)<\/td>\n<\/tr>\n<tr>\n<td>Protection contre les surtensions<\/td>\n<td colspan=\"8\">4 kV pour l&rsquo;alimentation et 4 kV pour les interfaces de sortie vid\u00e9o<\/td>\n<\/tr>\n<tr>\n<td class=\"thead\" colspan=\"9\">G\u00e9n\u00e9ral<b><\/b><\/td>\n<\/tr>\n<tr>\n<td>Pouvoir<\/td>\n<td colspan=\"8\">CC 12 V \u00b1 25 %<\/td>\n<\/tr>\n<tr>\n<td>Consommation d&rsquo;\u00e9nergie<\/td>\n<td colspan=\"8\">MAX 2,2 W<\/td>\n<\/tr>\n<tr>\n<td>Monter<\/td>\n<td colspan=\"8\">Montage mural, montage sur poteau, montage en angle, montage suspendu<\/td>\n<\/tr>\n<tr>\n<td>Dimensions<\/td>\n<td colspan=\"8\">\u03a6118mm*96mm (diam\u00e8tre*hauteur)<\/td>\n<\/tr>\n<tr>\n<td>Mat\u00e9riel<\/td>\n<td colspan=\"8\">Plastique<\/td>\n<\/tr>\n<tr>\n<td>Poids<\/td>\n<td colspan=\"8\">182 g (0,40 lb)<\/td>\n<\/tr>\n<tr>\n<td>Langue du menu OSD<\/td>\n<td colspan=\"8\">11 langues\u00a0: anglais, allemand, espagnol (Am\u00e9rique latine), fran\u00e7ais, italien, japonais, cor\u00e9en, polonais, portugais (Br\u00e9sil), russe, turc<\/td>\n<\/tr>\n<tr>\n<td class=\"thead\" colspan=\"9\">Certification<b><\/b><\/td>\n<\/tr>\n<tr>\n<td>CEM<\/td>\n<td colspan=\"8\">CE-EMC (EN 55032, EN 61000-3-3, EN IEC 61000-3-2, EN 55035), FCC (FCC 47 CFR part15 B)<\/td>\n<\/tr>\n<tr>\n<td>S\u00e9curit\u00e9<\/td>\n<td colspan=\"8\">CE-LVD (EN 62368-1)<\/td>\n<\/tr>\n<tr>\n<td>Environnement<\/td>\n<td colspan=\"8\">CE-RoHS (2011\/65\/UE ; (UE) 2015\/863) ; DEEE (2012\/19\/UE)<\/td>\n<\/tr>\n<tr>\n<td>Protection<\/td>\n<td colspan=\"8\">IP67 (CEI 60529)<\/td>\n<\/tr>\n<\/tbody>\n<\/table>\n<\/div>\n<\/div>\n<\/div>\n<div class=\"series wr view cf7 text-center\">\n<div class=\"unv-tit lh1 text-center\"><\/div>\n<\/div>\n","protected":false},"excerpt":{"rendered":"<div class=\"tit-18 t2 col-222\" data-search=\"content\">Cam\u00e9ra analogique \u00e0 tourelle infrarouge fixe 2\u00a0MP<\/div>\n<div class=\"tit-16 col-666\" data-search=\"content\">\u2022 Image haute qualit\u00e9 2MP<br \/>\n\u2022 TVI\/AHD\/CVI\/CVBS<br \/>\n\u2022 Prend en charge le filtre IR-cut avec commutation automatique (ICR)<br \/>\n\u2022 La technologie de r\u00e9duction du bruit 3D offre des images nettes et claires<br \/>\n\u2022 Prend en charge le retournement horizontal \u00e0 180\u00b0, le retournement vertical \u00e0 180\u00b0<br \/>\n\u2022 Menu de configuration OSD, facile \u00e0 utiliser<br \/>\n\u2022 Conception \u00e9tanche \u00e0 l&rsquo;eau et \u00e0 la poussi\u00e8re IP67, haute fiabilit\u00e9<br \/>\n\u2022 Menu de configuration OSD en 11 langues<br \/>\n\u2022 Microphone int\u00e9gr\u00e9 pour une transmission audio de haute qualit\u00e9 via des c\u00e2bles coaxiaux<\/div>\n","protected":false},"featured_media":14961,"comment_status":"open","ping_status":"closed","template":"","meta":[],"product_cat":[238,236],"product_tag":[260],"class_list":{"0":"post-14959","1":"product","2":"type-product","3":"status-publish","4":"has-post-thumbnail","6":"product_cat-securite-surveillance","7":"product_cat-video-surveillance","8":"product_tag-hd-camera","9":"product_brand-uniview","11":"first","12":"instock","13":"taxable","14":"shipping-taxable","15":"product-type-simple"},"_links":{"self":[{"href":"https:\/\/www.safer-security.net\/index.php?rest_route=\/wp\/v2\/product\/14959","targetHints":{"allow":["GET"]}}],"collection":[{"href":"https:\/\/www.safer-security.net\/index.php?rest_route=\/wp\/v2\/product"}],"about":[{"href":"https:\/\/www.safer-security.net\/index.php?rest_route=\/wp\/v2\/types\/product"}],"replies":[{"embeddable":true,"href":"https:\/\/www.safer-security.net\/index.php?rest_route=%2Fwp%2Fv2%2Fcomments&post=14959"}],"version-history":[{"count":3,"href":"https:\/\/www.safer-security.net\/index.php?rest_route=\/wp\/v2\/product\/14959\/revisions"}],"predecessor-version":[{"id":14965,"href":"https:\/\/www.safer-security.net\/index.php?rest_route=\/wp\/v2\/product\/14959\/revisions\/14965"}],"wp:featuredmedia":[{"embeddable":true,"href":"https:\/\/www.safer-security.net\/index.php?rest_route=\/wp\/v2\/media\/14961"}],"wp:attachment":[{"href":"https:\/\/www.safer-security.net\/index.php?rest_route=%2Fwp%2Fv2%2Fmedia&parent=14959"}],"wp:term":[{"taxonomy":"product_cat","embeddable":true,"href":"https:\/\/www.safer-security.net\/index.php?rest_route=%2Fwp%2Fv2%2Fproduct_cat&post=14959"},{"taxonomy":"product_tag","embeddable":true,"href":"https:\/\/www.safer-security.net\/index.php?rest_route=%2Fwp%2Fv2%2Fproduct_tag&post=14959"}],"curies":[{"name":"wp","href":"https:\/\/api.w.org\/{rel}","templated":true}]}}