{"id":14982,"date":"2025-05-30T18:31:31","date_gmt":"2025-05-30T16:31:31","guid":{"rendered":"https:\/\/www.safer-security.net\/?post_type=product&#038;p=14982"},"modified":"2025-05-30T18:31:31","modified_gmt":"2025-05-30T16:31:31","slug":"uac-b115-af2840-dl","status":"publish","type":"product","link":"https:\/\/www.safer-security.net\/?product=uac-b115-af2840-dl","title":{"rendered":"UAC-B115-AF28(40)-DL"},"content":{"rendered":"<table width=\"100%\">\n<tbody>\n<tr>\n<td><span>R\u00e9solution maximale<\/span><\/td>\n<td colspan=\"8\"><span>5 MP<\/span><\/td>\n<\/tr>\n<tr>\n<td><span>Taille du capteur<\/span><\/td>\n<td colspan=\"8\"><span>CMOS 1\/2,7&Prime;<\/span><\/td>\n<\/tr>\n<tr>\n<td><span>\u00c9clairage minimal<\/span><\/td>\n<td colspan=\"8\"><span>0,005 lux (F1,6, AGC activ\u00e9)<\/span><br \/>\n<span>0 lux (illuminateur activ\u00e9)<\/span><\/td>\n<\/tr>\n<tr>\n<td class=\"thead\" colspan=\"9\"><span>Lentille<\/span><b><\/b><\/td>\n<\/tr>\n<tr>\n<td><span>Se concentrer<\/span><\/td>\n<td colspan=\"4\"><span>2,8 mm<\/span><\/td>\n<td colspan=\"4\"><span>4,0 mm<\/span><\/td>\n<\/tr>\n<tr>\n<td><span>Monture d&rsquo;objectif<\/span><\/td>\n<td colspan=\"8\"><span>M12<\/span><\/td>\n<\/tr>\n<tr>\n<td><span>Angle de vue (H)<\/span><\/td>\n<td colspan=\"4\"><span>110,0\u00b0<\/span><\/td>\n<td colspan=\"4\"><span>90,0\u00b0<\/span><\/td>\n<\/tr>\n<tr>\n<td><span>Angle de vue (V)<\/span><\/td>\n<td colspan=\"4\"><span>57,0\u00b0<\/span><\/td>\n<td colspan=\"4\"><span>48,0\u00b0<\/span><\/td>\n<\/tr>\n<tr>\n<td><span>Angle de vue (D)<\/span><\/td>\n<td colspan=\"4\"><span>130,0\u00b0<\/span><\/td>\n<td colspan=\"4\"><span>109,1\u00b0<\/span><\/td>\n<\/tr>\n<tr>\n<td class=\"thead\" colspan=\"9\"><span>Illuminateur<\/span><b><\/b><\/td>\n<\/tr>\n<tr>\n<td><span>Num\u00e9ro d&rsquo;illuminateur<\/span><\/td>\n<td colspan=\"8\"><span>Deux illuminateurs IR\u00a0; un illuminateur \u00e0 lumi\u00e8re blanche<\/span><\/td>\n<\/tr>\n<tr>\n<td><span>Distance d&rsquo;\u00e9clairage<\/span><\/td>\n<td colspan=\"8\"><span>IR : 20 m (65,6 pi)<\/span><br \/>\n<span>Lumi\u00e8re blanche : 20 m (65,6 pi)<\/span><\/td>\n<\/tr>\n<tr>\n<td><span>Dur\u00e9e de vie<\/span><\/td>\n<td colspan=\"8\"><span>\u2265 60 000 heures<\/span><\/td>\n<\/tr>\n<tr>\n<td class=\"thead\" colspan=\"9\"><span>Vid\u00e9o<\/span><b><\/b><\/td>\n<\/tr>\n<tr>\n<td><span>R\u00e9solution<\/span><\/td>\n<td colspan=\"8\"><span>5 Mpx \u00e0 25 ips\u00a0: 2\u00a0880 (H) \u00d7 1\u00a0620 (V)\u00a0; 5 Mpx \u00e0 20 ips\u00a0: 2\u00a0592 (H) \u00d7 1\u00a0944 (V)\u00a0; 5 Mpx \u00e0 12,5 ips\u00a0: 2\u00a0592 (H) \u00d7 1\u00a0944 (V)\u00a0; 4 Mpx<\/span><br \/>\n<span>\u00a0: 2\u00a0560 (H) \u00d7 1\u00a0440 (V)\u00a0; 1<\/span><br \/>\n<span>\u00a0080P\u00a0: 1\u00a0920 (H) \u00d7 1\u00a0080 (V)<\/span><\/td>\n<\/tr>\n<tr>\n<td><span>Fr\u00e9quence d&rsquo;images<\/span><\/td>\n<td colspan=\"8\"><span>TVI\u00a0: 5\u00a0MP \u00e0 20\u00a0ips (par d\u00e9faut), 5\u00a0MP \u00e0 12,5\u00a0ips, 4\u00a0MP \u00e0 25\u00a0ips, 4\u00a0MP \u00e0 30\u00a0ips, 1\u00a0080\u00a0P \u00e0 25\u00a0ips, 1\u00a0080\u00a0P \u00e0 30\u00a0ips<\/span><br \/>\n<span>AHD\u00a0: 5\u00a0MP \u00e0 20\u00a0ips, 4\u00a0MP \u00e0 25\u00a0ips, 4\u00a0MP \u00e0 30\u00a0ips, 1\u00a0080\u00a0P \u00e0 25\u00a0ips, 1\u00a0080\u00a0P \u00e0 30\u00a0ips<\/span><br \/>\n<span>CVI\u00a0: 5\u00a0MP \u00e0 25\u00a0ips, 4\u00a0MP \u00e0 25\u00a0ips, 4\u00a0MP \u00e0 30\u00a0ips, 1\u00a0080\u00a0P \u00e0 25\u00a0ips, 1\u00a0080\u00a0P \u00e0 30\u00a0ips<\/span><br \/>\n<span>CVBS\u00a0: PAL, NTSC<\/span><\/td>\n<\/tr>\n<tr>\n<td><span>Temps d&rsquo;obturation<\/span><\/td>\n<td colspan=\"8\"><span>PAL\u00a0: 1\/25 s-1\/50\u00a0000 s, NTSC\u00a0: 1\/30 s-1\/50\u00a0000 s<\/span><\/td>\n<\/tr>\n<tr>\n<td class=\"thead\" colspan=\"9\"><span>Image<\/span><b><\/b><\/td>\n<\/tr>\n<tr>\n<td><span>Mode d&rsquo;exposition<\/span><\/td>\n<td colspan=\"8\"><span>Quatre modes\u00a0: Global (par d\u00e9faut), BLC, HLC, DWDR<\/span><\/td>\n<\/tr>\n<tr>\n<td><span>Jour\/Nuit<\/span><\/td>\n<td colspan=\"8\"><span>Trois modes : Auto (par d\u00e9faut), Jour, Nuit<\/span><\/td>\n<\/tr>\n<tr>\n<td><span>R\u00e9duction du bruit num\u00e9rique<\/span><\/td>\n<td colspan=\"8\"><span>2D<\/span><\/td>\n<\/tr>\n<tr>\n<td><span>Balance des blancs<\/span><\/td>\n<td colspan=\"8\"><span>Deux modes : Auto (par d\u00e9faut), Manuel<\/span><\/td>\n<\/tr>\n<tr>\n<td><span>WDR<\/span><\/td>\n<td colspan=\"8\"><span>DWDR<\/span><\/td>\n<\/tr>\n<tr>\n<td><span>Mode lumi\u00e8re<\/span><\/td>\n<td colspan=\"8\"><span>Double lumi\u00e8re (par d\u00e9faut), infrarouge, lumi\u00e8re blanche<\/span><\/td>\n<\/tr>\n<tr>\n<td><span>Retourner<\/span><\/td>\n<td colspan=\"8\"><span>Prend en charge le retournement horizontal \u00e0 180\u00b0 et le retournement vertical \u00e0 180\u00b0<\/span><\/td>\n<\/tr>\n<tr>\n<td class=\"thead\" colspan=\"9\"><span>Audio<\/span><b><\/b><\/td>\n<\/tr>\n<tr>\n<td><span>Microphone int\u00e9gr\u00e9<\/span><\/td>\n<td colspan=\"8\"><span>Soutien<\/span><\/td>\n<\/tr>\n<tr>\n<td><span>Audio de la cam\u00e9ra<\/span><\/td>\n<td colspan=\"8\"><span>TVI\u00a0: 5\u00a0MP \u00e0 20\u00a0ips, 5\u00a0MP \u00e0 12,5\u00a0ips, 4\u00a0MP \u00e0 25\u00a0ips, 4\u00a0MP \u00e0 30\u00a0ips, 1\u00a0080\u00a0P \u00e0 25\u00a0ips, 1\u00a0080\u00a0P \u00e0 30\u00a0ips<\/span><br \/>\n<span>CVI\u00a0: 5\u00a0MP \u00e0 25\u00a0ips, 4\u00a0MP \u00e0 25\u00a0ips, 4\u00a0MP \u00e0 30\u00a0ips<\/span><\/td>\n<\/tr>\n<tr>\n<td class=\"thead\" colspan=\"9\"><span>Interface<\/span><b><\/b><\/td>\n<\/tr>\n<tr>\n<td><span>Interface d&rsquo;alimentation<\/span><\/td>\n<td colspan=\"8\"><span>Interface d&rsquo;alimentation 5,5 mm<\/span><\/td>\n<\/tr>\n<tr>\n<td><span>Sortie vid\u00e9o<\/span><\/td>\n<td colspan=\"8\"><span>BNC, prend en charge TVI\/AHD\/CVI\/CVBS<\/span><\/td>\n<\/tr>\n<tr>\n<td class=\"thead\" colspan=\"9\"><span>Environnement d&rsquo;exploitation<\/span><b><\/b><\/td>\n<\/tr>\n<tr>\n<td><span>Temp\u00e9rature<\/span><\/td>\n<td colspan=\"8\"><span>-30 \u2103 \u00e0 60 \u2103 (-22 \u2109 \u00e0 140 \u2109)<\/span><\/td>\n<\/tr>\n<tr>\n<td><span>Humidit\u00e9<\/span><\/td>\n<td colspan=\"8\"><span>\u2264 95 % HR (sans condensation)<\/span><\/td>\n<\/tr>\n<tr>\n<td><span>Protection contre les surtensions<\/span><\/td>\n<td colspan=\"8\"><span>4 KV pour l&rsquo;alimentation, 4 KV pour les interfaces de sortie vid\u00e9o<\/span><\/td>\n<\/tr>\n<tr>\n<td class=\"thead\" colspan=\"9\"><span>G\u00e9n\u00e9ral<\/span><b><\/b><\/td>\n<\/tr>\n<tr>\n<td><span>Pouvoir<\/span><\/td>\n<td colspan=\"8\"><span>CC 12 V \u00b1 25 %<\/span><\/td>\n<\/tr>\n<tr>\n<td><span>Consommation d&rsquo;\u00e9nergie<\/span><\/td>\n<td colspan=\"8\"><span>3,0 W<\/span><\/td>\n<\/tr>\n<tr>\n<td><span>Monter<\/span><\/td>\n<td colspan=\"8\"><span>Montage en coin, montage sur poteau<\/span><\/td>\n<\/tr>\n<tr>\n<td><span>Dimensions<\/span><\/td>\n<td colspan=\"8\"><span>140 mm x 61 mm x 65 mm (L x l x H)<\/span><\/td>\n<\/tr>\n<tr>\n<td><span>Mat\u00e9riel<\/span><\/td>\n<td colspan=\"8\"><span>Plastique<\/span><\/td>\n<\/tr>\n<tr>\n<td><span>Poids<\/span><\/td>\n<td colspan=\"8\"><span>150 g (0,33 lb)<\/span><\/td>\n<\/tr>\n<tr>\n<td><span>Langue du menu OSD<\/span><\/td>\n<td colspan=\"8\"><span>11 langues\u00a0: anglais, allemand, espagnol (Am\u00e9rique latine), fran\u00e7ais, italien, japonais, cor\u00e9en, polonais, portugais (Br\u00e9sil), russe, turc<\/span><\/td>\n<\/tr>\n<tr>\n<td class=\"thead\" colspan=\"9\"><span>Certification<\/span><b><\/b><\/td>\n<\/tr>\n<tr>\n<td><span>CEM<\/span><\/td>\n<td colspan=\"8\"><span>CE-EMC (EN 55032, EN 61000-3-3, EN IEC 61000-3-2, EN 55035), FCC (FCC 47 CFR part15 B)<\/span><\/td>\n<\/tr>\n<tr>\n<td><span>S\u00e9curit\u00e9<\/span><\/td>\n<td colspan=\"8\"><span>CE-LVD (EN 62368-1)<\/span><\/td>\n<\/tr>\n<tr>\n<td><span>Environnement<\/span><\/td>\n<td colspan=\"8\"><span>CE-RoHS (2011\/65\/UE ; (UE) 2015\/863) ; DEEE (2012\/19\/UE)<\/span><\/td>\n<\/tr>\n<tr>\n<td><span>Protection<\/span><\/td>\n<td colspan=\"8\"><span>IP67 (CEI 60529)<\/span><\/td>\n<\/tr>\n<\/tbody>\n<\/table>\n","protected":false},"excerpt":{"rendered":"<div class=\"tit-18 t2 col-222\" data-search=\"content\"><span>Cam\u00e9ra analogique fixe \u00e0 double \u00e9clairage ColorHunter 5\u00a0MP<\/span><\/div>\n<div class=\"tit-16 col-666\" data-search=\"content\"><span>\u2022 Imagerie de haute qualit\u00e9 avec une r\u00e9solution de 5 MP<\/span><br \/>\n<span>\u2022 TVI\/AHD\/CVI\/CVBS<\/span><br \/>\n<span>\u2022 Prend en charge le filtre IR-cut avec commutation automatique (ICR)<\/span><br \/>\n<span>\u2022 Double \u00e9clairage intelligent (TVI uniquement)<\/span><br \/>\n<span>\u2022 Prend en charge le retournement horizontal \u00e0 180 \u00b0, le retournement vertical \u00e0 180 \u00b0<\/span><br \/>\n<span>\u2022 Menu de configuration OSD, facile \u00e0 utiliser<\/span><br \/>\n<span>\u2022 Conception \u00e9tanche \u00e0 l&rsquo;eau et \u00e0 la poussi\u00e8re IP67, haute fiabilit\u00e9<\/span><br \/>\n<span>\u2022 Menu de configuration OSD en 11 langues<\/span><br \/>\n<span>\u2022 Microphone int\u00e9gr\u00e9 pour une transmission audio de haute qualit\u00e9 via des c\u00e2bles coaxiaux<\/span><\/div>\n","protected":false},"featured_media":14987,"comment_status":"open","ping_status":"closed","template":"","meta":[],"product_cat":[238,236],"product_tag":[260],"class_list":{"0":"post-14982","1":"product","2":"type-product","3":"status-publish","4":"has-post-thumbnail","6":"product_cat-securite-surveillance","7":"product_cat-video-surveillance","8":"product_tag-hd-camera","9":"product_brand-uniview","11":"first","12":"instock","13":"taxable","14":"shipping-taxable","15":"product-type-simple"},"_links":{"self":[{"href":"https:\/\/www.safer-security.net\/index.php?rest_route=\/wp\/v2\/product\/14982","targetHints":{"allow":["GET"]}}],"collection":[{"href":"https:\/\/www.safer-security.net\/index.php?rest_route=\/wp\/v2\/product"}],"about":[{"href":"https:\/\/www.safer-security.net\/index.php?rest_route=\/wp\/v2\/types\/product"}],"replies":[{"embeddable":true,"href":"https:\/\/www.safer-security.net\/index.php?rest_route=%2Fwp%2Fv2%2Fcomments&post=14982"}],"version-history":[{"count":1,"href":"https:\/\/www.safer-security.net\/index.php?rest_route=\/wp\/v2\/product\/14982\/revisions"}],"predecessor-version":[{"id":14988,"href":"https:\/\/www.safer-security.net\/index.php?rest_route=\/wp\/v2\/product\/14982\/revisions\/14988"}],"wp:featuredmedia":[{"embeddable":true,"href":"https:\/\/www.safer-security.net\/index.php?rest_route=\/wp\/v2\/media\/14987"}],"wp:attachment":[{"href":"https:\/\/www.safer-security.net\/index.php?rest_route=%2Fwp%2Fv2%2Fmedia&parent=14982"}],"wp:term":[{"taxonomy":"product_cat","embeddable":true,"href":"https:\/\/www.safer-security.net\/index.php?rest_route=%2Fwp%2Fv2%2Fproduct_cat&post=14982"},{"taxonomy":"product_tag","embeddable":true,"href":"https:\/\/www.safer-security.net\/index.php?rest_route=%2Fwp%2Fv2%2Fproduct_tag&post=14982"}],"curies":[{"name":"wp","href":"https:\/\/api.w.org\/{rel}","templated":true}]}}