{"id":14994,"date":"2025-05-31T10:22:59","date_gmt":"2025-05-31T08:22:59","guid":{"rendered":"https:\/\/www.safer-security.net\/?post_type=product&#038;p=14994"},"modified":"2025-05-31T10:23:00","modified_gmt":"2025-05-31T08:23:00","slug":"uac-d122-af2840m","status":"publish","type":"product","link":"https:\/\/www.safer-security.net\/?product=uac-d122-af2840m","title":{"rendered":"UAC-D122-AF28(40)M"},"content":{"rendered":"<table width=\"100%\">\n<tbody>\n<tr>\n<td class=\"thead\" width=\"20%\"><b><span>Model<\/span><\/b><\/td>\n<td class=\"thead\" width=\"40%\"><b><span>UAC-D122-AF28M<\/span><\/b><\/td>\n<td class=\"thead\" width=\"40%\"><b><span>UAC-D122-AF40M<\/span><\/b><\/td>\n<\/tr>\n<tr>\n<td class=\"thead\" colspan=\"3\"><span>Sensor<\/span><\/td>\n<\/tr>\n<tr>\n<td><span>Pixel<\/span><\/td>\n<td colspan=\"2\"><span>2MP<\/span><\/td>\n<\/tr>\n<tr>\n<td><span>Size<\/span><\/td>\n<td colspan=\"2\"><span>1\/2.9&Prime;<\/span><\/td>\n<\/tr>\n<tr>\n<td><span>Minimum illumination<\/span><\/td>\n<td colspan=\"2\"><span>0.005 lux (F1.6, AGC ON)<\/span><br \/>\n<span>0 lux (IR on)<\/span><\/td>\n<\/tr>\n<tr>\n<td class=\"thead\" colspan=\"3\"><span>Lens<\/span><\/td>\n<\/tr>\n<tr>\n<td><span>Lens<\/span><\/td>\n<td><span>2.8mm<\/span><\/td>\n<td><span>4.0mm<\/span><\/td>\n<\/tr>\n<tr>\n<td><span>Lens mount<\/span><\/td>\n<td colspan=\"2\"><span>M12<\/span><\/td>\n<\/tr>\n<tr>\n<td><span>Angle of view<\/span><\/td>\n<td><span>H: 101.5\u00b0 V: 56.9\u00b0 D: 117.4\u00b0<\/span><\/td>\n<td><span>H: 83.8\u00b0 V: 42.7\u00b0 D: 100.1\u00b0<\/span><\/td>\n<\/tr>\n<tr>\n<td class=\"thead\" colspan=\"3\"><span>Illuminator<\/span><\/td>\n<\/tr>\n<tr>\n<td><span>Illuminator<\/span><\/td>\n<td colspan=\"2\"><span>One IR illuminator<\/span><\/td>\n<\/tr>\n<tr>\n<td><span>Illumination distance<\/span><\/td>\n<td colspan=\"2\"><span>30m<\/span><\/td>\n<\/tr>\n<tr>\n<td><span>Lifetime<\/span><\/td>\n<td colspan=\"2\"><span>\u226560,000 hours<\/span><\/td>\n<\/tr>\n<tr>\n<td class=\"thead\" colspan=\"3\"><span>Video<\/span><\/td>\n<\/tr>\n<tr>\n<td><span>Resolution<\/span><\/td>\n<td colspan=\"2\"><span>1080P: 1920(H)\u00d71080(V)<\/span><br \/>\n<span>720P: 1280(H)\u00d7720(V)<\/span><\/td>\n<\/tr>\n<tr>\n<td><span>Frame rate<\/span><\/td>\n<td colspan=\"2\"><span>TVI\/AHD\/CVI: 1080P@25fps (default), 1080P@30fps; 720P@25fps, 720P@30fps<\/span><br \/>\n<span>CVBS: PAL, NTSC<\/span><\/td>\n<\/tr>\n<tr>\n<td><span>Shutter time<\/span><\/td>\n<td colspan=\"2\" valign=\"top\"><span>PAL: 1\/25s-1\/50000s<\/span><br \/>\n<span>NTSC: 1\/30s\u20131\/50000s<\/span><\/td>\n<\/tr>\n<tr>\n<td class=\"thead\" colspan=\"3\"><span>Image<\/span><\/td>\n<\/tr>\n<tr>\n<td valign=\"top\"><span>Exposure mode<\/span><\/td>\n<td colspan=\"2\" valign=\"top\"><span>Four modes: Global (default), BLC, HLC, DWDR<\/span><\/td>\n<\/tr>\n<tr>\n<td><span>Day\/Night<\/span><\/td>\n<td colspan=\"2\"><span>Three modes: Auto (default), Day, Night<\/span><\/td>\n<\/tr>\n<tr>\n<td><span>Noise reduction<\/span><\/td>\n<td colspan=\"2\"><span>2D\/3D<\/span><\/td>\n<\/tr>\n<tr>\n<td><span>White balance<\/span><\/td>\n<td colspan=\"2\"><span>Two modes: Auto (default), Manual<\/span><\/td>\n<\/tr>\n<tr>\n<td><span>WDR<\/span><\/td>\n<td colspan=\"2\"><span>DWDR<\/span><\/td>\n<\/tr>\n<tr>\n<td><span>Smart IR<\/span><\/td>\n<td colspan=\"2\"><span>Support<\/span><\/td>\n<\/tr>\n<tr>\n<td><span>Flip<\/span><\/td>\n<td colspan=\"2\"><span>Supports 180\u00b0 horizontal flip, 180\u00b0 vertical flip<\/span><\/td>\n<\/tr>\n<tr>\n<td><span>Defog<\/span><\/td>\n<td colspan=\"2\"><span>Digital Defog<\/span><\/td>\n<\/tr>\n<tr>\n<td class=\"thead\" colspan=\"3\"><span>Audio<\/span><\/td>\n<\/tr>\n<tr>\n<td><span>Microphone<\/span><\/td>\n<td colspan=\"2\"><span>Built-in Mic<\/span><\/td>\n<\/tr>\n<tr>\n<td><span>Camera audio<\/span><\/td>\n<td colspan=\"2\"><span>TVI: 1080P@30fps, 1080P@25fps<\/span><br \/>\n<span>CVI: 1080P@30fps, 1080P@25fps<\/span><\/td>\n<\/tr>\n<tr>\n<td class=\"thead\" colspan=\"3\"><span>Interface<\/span><\/td>\n<\/tr>\n<tr>\n<td><span>Power<\/span><\/td>\n<td colspan=\"2\"><span>5.5mm power interface<\/span><\/td>\n<\/tr>\n<tr>\n<td><span>Video output<\/span><\/td>\n<td colspan=\"2\"><span>BNC, supports TVI\/AHD\/CVI\/CVBS<\/span><\/td>\n<\/tr>\n<tr>\n<td class=\"thead\" colspan=\"3\"><span>Operating environment<\/span><\/td>\n<\/tr>\n<tr>\n<td><span>Temperature<\/span><\/td>\n<td colspan=\"2\"><span>-30\u00b0C to 60\u00b0C (-22\u00b0F to 140\u00b0F)<\/span><\/td>\n<\/tr>\n<tr>\n<td><span>Humidity<\/span><\/td>\n<td colspan=\"2\"><span>\u226495% (RH, non-condensing)<\/span><\/td>\n<\/tr>\n<tr>\n<td><span>Surge protection<\/span><\/td>\n<td colspan=\"2\"><span>4kV for power and video output interfaces<\/span><\/td>\n<\/tr>\n<tr>\n<td><span>Ingress protection<\/span><\/td>\n<td colspan=\"2\"><span>IP67<\/span><\/td>\n<\/tr>\n<tr>\n<td><span>IK rating<\/span><\/td>\n<td colspan=\"2\"><span>IK10<\/span><\/td>\n<\/tr>\n<tr>\n<td class=\"thead\" colspan=\"3\"><span>General<\/span><\/td>\n<\/tr>\n<tr>\n<td><span>Power<\/span><\/td>\n<td colspan=\"2\"><span>DC 12V(\u00b125%), with reverse polarity protection, Max 3.3W<\/span><\/td>\n<\/tr>\n<tr>\n<td><span>Mount<\/span><\/td>\n<td colspan=\"2\"><span>Surface mount (default), optional tilted mounting bracket<\/span><\/td>\n<\/tr>\n<tr>\n<td><span>Dimensions<\/span><\/td>\n<td colspan=\"2\"><span>\u03a6109mm*83mm (diameter*height)<\/span><\/td>\n<\/tr>\n<tr>\n<td><span>Material<\/span><\/td>\n<td colspan=\"2\"><span>Metal<\/span><\/td>\n<\/tr>\n<tr>\n<td><span>Weight<\/span><\/td>\n<td colspan=\"2\"><span>372g (0.82lb)<\/span><\/td>\n<\/tr>\n<tr>\n<td><span>Certification<\/span><\/td>\n<td colspan=\"2\"><span>CB, CE, FCC, UL<\/span><\/td>\n<\/tr>\n<\/tbody>\n<\/table>\n","protected":false},"excerpt":{"rendered":"<div id=\"tabs-description\" class=\"tab-pane show active\" role=\"tabpanel\">\n<p>La\u00a0<strong>Uniview UAC-D122-AF28M<\/strong>\u00a0est une cam\u00e9ra d\u00f4me IP ultra-haute d\u00e9finition de 2MP, con\u00e7ue pour offrir des performances \u00e9lev\u00e9es dans des environnements n\u00e9cessitant une surveillance fiable. Gr\u00e2ce \u00e0 sa qualit\u00e9 d&rsquo;image nette et ses caract\u00e9ristiques avanc\u00e9es comme la vision nocturne et une robustesse renforc\u00e9e, cette cam\u00e9ra convient parfaitement aux installations de s\u00e9curit\u00e9 int\u00e9rieures et ext\u00e9rieures.<\/p>\n<ul>\n<li><strong>R\u00e9solution<\/strong>\u00a0: Capteur 2MP offrant une image nette et claire en haute d\u00e9finition<\/li>\n<li><strong>Lentille<\/strong>\u00a0: Objectif fixe de 2,8 mm, assurant une large couverture<\/li>\n<li><strong>Vision nocturne<\/strong>\u00a0: Infrarouge avec une port\u00e9e de 30 m\u00e8tres pour une surveillance en continu de jour comme de nuit<\/li>\n<li><strong>Indice de protection<\/strong>\u00a0: IP67 pour la r\u00e9sistance \u00e0 l&rsquo;eau et \u00e0 la poussi\u00e8re, et IK10 pour une protection renforc\u00e9e contre le vandalisme<\/li>\n<li><strong>Technologie<\/strong>\u00a0: Compression vid\u00e9o Ultra H.265 permettant une gestion efficace du stockage et de la bande passante<\/li>\n<\/ul>\n<p>Cette cam\u00e9ra est id\u00e9ale pour des environnements n\u00e9cessitant une s\u00e9curit\u00e9 robuste et durable, tout en offrant une qualit\u00e9 vid\u00e9o exceptionnelle.<\/p>\n<\/div>\n<div id=\"tabs-1\" class=\"tab-pane\" role=\"tabpanel\">\n<p>La\u00a0<strong>Uniview UAC-D122-AF28M<\/strong>\u00a0est une cam\u00e9ra d\u00f4me IP ultra-haute d\u00e9finition de 2MP, con\u00e7ue pour offrir des performances \u00e9lev\u00e9es dans des environnements n\u00e9cessitant une surveillance fiable. Gr\u00e2ce \u00e0 sa qualit\u00e9 d&rsquo;image nette et ses caract\u00e9ristiques avanc\u00e9es comme la vision nocturne et une robustesse re<\/p>\n<\/div>\n","protected":false},"featured_media":14995,"comment_status":"open","ping_status":"closed","template":"","meta":[],"product_cat":[238,236],"product_tag":[260],"class_list":{"0":"post-14994","1":"product","2":"type-product","3":"status-publish","4":"has-post-thumbnail","6":"product_cat-securite-surveillance","7":"product_cat-video-surveillance","8":"product_tag-hd-camera","9":"product_brand-uniview","11":"first","12":"instock","13":"taxable","14":"shipping-taxable","15":"product-type-simple"},"_links":{"self":[{"href":"https:\/\/www.safer-security.net\/index.php?rest_route=\/wp\/v2\/product\/14994","targetHints":{"allow":["GET"]}}],"collection":[{"href":"https:\/\/www.safer-security.net\/index.php?rest_route=\/wp\/v2\/product"}],"about":[{"href":"https:\/\/www.safer-security.net\/index.php?rest_route=\/wp\/v2\/types\/product"}],"replies":[{"embeddable":true,"href":"https:\/\/www.safer-security.net\/index.php?rest_route=%2Fwp%2Fv2%2Fcomments&post=14994"}],"version-history":[{"count":1,"href":"https:\/\/www.safer-security.net\/index.php?rest_route=\/wp\/v2\/product\/14994\/revisions"}],"predecessor-version":[{"id":14996,"href":"https:\/\/www.safer-security.net\/index.php?rest_route=\/wp\/v2\/product\/14994\/revisions\/14996"}],"wp:featuredmedia":[{"embeddable":true,"href":"https:\/\/www.safer-security.net\/index.php?rest_route=\/wp\/v2\/media\/14995"}],"wp:attachment":[{"href":"https:\/\/www.safer-security.net\/index.php?rest_route=%2Fwp%2Fv2%2Fmedia&parent=14994"}],"wp:term":[{"taxonomy":"product_cat","embeddable":true,"href":"https:\/\/www.safer-security.net\/index.php?rest_route=%2Fwp%2Fv2%2Fproduct_cat&post=14994"},{"taxonomy":"product_tag","embeddable":true,"href":"https:\/\/www.safer-security.net\/index.php?rest_route=%2Fwp%2Fv2%2Fproduct_tag&post=14994"}],"curies":[{"name":"wp","href":"https:\/\/api.w.org\/{rel}","templated":true}]}}