{"id":15007,"date":"2025-05-31T10:56:09","date_gmt":"2025-05-31T08:56:09","guid":{"rendered":"https:\/\/www.safer-security.net\/?post_type=product&#038;p=15007"},"modified":"2025-05-31T10:56:09","modified_gmt":"2025-05-31T08:56:09","slug":"uac-t122-af2840lm","status":"publish","type":"product","link":"https:\/\/www.safer-security.net\/?product=uac-t122-af2840lm","title":{"rendered":"UAC-T122-AF28(40)LM"},"content":{"rendered":"<table width=\"100%\">\n<tbody>\n<tr>\n<td class=\"thead\" width=\"20%\"><\/td>\n<td class=\"thead\" colspan=\"4\" width=\"40%\"><span>UAC-T122-AF28LM<\/span><\/td>\n<td class=\"thead\" colspan=\"4\" width=\"40%\"><span>UAC-T122-AF40LM<\/span><\/td>\n<\/tr>\n<tr>\n<td class=\"thead\" colspan=\"9\"><span>Cam\u00e9ra<\/span><b><\/b><\/td>\n<\/tr>\n<tr>\n<td><span>R\u00e9solution maximale<\/span><\/td>\n<td colspan=\"8\"><span>2 MP<\/span><\/td>\n<\/tr>\n<tr>\n<td><span>Taille du capteur<\/span><\/td>\n<td colspan=\"8\"><span>CMOS 1\/2,9&Prime;<\/span><\/td>\n<\/tr>\n<tr>\n<td><span>\u00c9clairage minimal<\/span><\/td>\n<td colspan=\"8\"><span>0,005 lux (F1,6, AGC activ\u00e9)<\/span><br \/>\n<span>0 lux (IR activ\u00e9)<\/span><\/td>\n<\/tr>\n<tr>\n<td class=\"thead\" colspan=\"9\"><span>Lentille<\/span><b><\/b><\/td>\n<\/tr>\n<tr>\n<td><span>Se concentrer<\/span><\/td>\n<td colspan=\"4\"><span>2,8 mm<\/span><\/td>\n<td colspan=\"4\"><span>4,0 mm<\/span><\/td>\n<\/tr>\n<tr>\n<td><span>Monture d&rsquo;objectif<\/span><\/td>\n<td colspan=\"8\"><span>M12<\/span><\/td>\n<\/tr>\n<tr>\n<td><span>Angle de vue (H)<\/span><\/td>\n<td colspan=\"4\"><span>101,5\u00b0<\/span><\/td>\n<td colspan=\"4\"><span>83,8\u00b0<\/span><\/td>\n<\/tr>\n<tr>\n<td><span>Angle de vue (V)<\/span><\/td>\n<td colspan=\"4\"><span>56,9\u00b0<\/span><\/td>\n<td colspan=\"4\"><span>42,7\u00b0<\/span><\/td>\n<\/tr>\n<tr>\n<td><span>Angle de vue (D)<\/span><\/td>\n<td colspan=\"4\"><span>117,4\u00b0<\/span><\/td>\n<td colspan=\"4\"><span>100,1\u00b0<\/span><\/td>\n<\/tr>\n<tr>\n<td class=\"thead\" colspan=\"9\"><span>Illuminateur<\/span><b><\/b><\/td>\n<\/tr>\n<tr>\n<td><span>Num\u00e9ro d&rsquo;illuminateur<\/span><\/td>\n<td colspan=\"8\"><span>Deux illuminateurs IR<\/span><\/td>\n<\/tr>\n<tr>\n<td><span>Distance d&rsquo;\u00e9clairage<\/span><\/td>\n<td colspan=\"8\"><span>40 m<\/span><\/td>\n<\/tr>\n<tr>\n<td><span>Dur\u00e9e de vie<\/span><\/td>\n<td colspan=\"8\"><span>\u2265 60 000 heures<\/span><\/td>\n<\/tr>\n<tr>\n<td class=\"thead\" colspan=\"9\"><span>Vid\u00e9o<\/span><b><\/b><\/td>\n<\/tr>\n<tr>\n<td><span>R\u00e9solution<\/span><\/td>\n<td colspan=\"8\"><span>1080P\u00a0: 1920(H)\u00d71080(V)<\/span><br \/>\n<span>720P\u00a0: 1280(H)\u00d7720(V)<\/span><\/td>\n<\/tr>\n<tr>\n<td><span>Fr\u00e9quence d&rsquo;images<\/span><\/td>\n<td colspan=\"8\"><span>TVI\u00a0: 1\u00a0080\u00a0p \u00e0 25\u00a0ips (par d\u00e9faut), 1\u00a0080\u00a0p \u00e0 30\u00a0ips\u00a0; 720\u00a0p \u00e0 25\u00a0ips<\/span><br \/>\n<span>, 720\u00a0p \u00e0 30\u00a0ips AHD\u00a0: 1\u00a0080\u00a0p \u00e0 25\u00a0ips<\/span><br \/>\n<span>, 1\u00a0080\u00a0p \u00e0 30\u00a0ips\u00a0; 720\u00a0p \u00e0 25\u00a0ips, 720\u00a0p \u00e0 30\u00a0ips CVI\u00a0: 1\u00a0080\u00a0p \u00e0 25\u00a0ips, 1\u00a0080\u00a0p \u00e0 30\u00a0ips\u00a0; 720\u00a0p \u00e0 25\u00a0ips, 720\u00a0p \u00e0 30\u00a0ips<\/span><br \/>\n<span>CVBS\u00a0: PAL, NTSC<\/span><\/td>\n<\/tr>\n<tr>\n<td><span>Temps d&rsquo;obturation<\/span><\/td>\n<td colspan=\"8\"><span>PAL\u00a0: 1\/25\u00a0s-1\/50\u00a0000\u00a0s,<\/span><br \/>\n<span>NTSC\u00a0: 1\/30\u00a0s-1\/50\u00a0000\u00a0s<\/span><\/td>\n<\/tr>\n<tr>\n<td class=\"thead\" colspan=\"9\"><span>Image<\/span><b><\/b><\/td>\n<\/tr>\n<tr>\n<td><span>Mode d&rsquo;exposition<\/span><\/td>\n<td colspan=\"8\"><span>Quatre modes\u00a0: Global (par d\u00e9faut), BLC, HLC, DWDR<\/span><\/td>\n<\/tr>\n<tr>\n<td><span>Jour\/Nuit<\/span><\/td>\n<td colspan=\"8\"><span>Trois modes : Auto (par d\u00e9faut), Jour, Nuit<\/span><\/td>\n<\/tr>\n<tr>\n<td><span>R\u00e9duction du bruit num\u00e9rique<\/span><\/td>\n<td colspan=\"8\"><span>2D\/3D<\/span><\/td>\n<\/tr>\n<tr>\n<td><span>Balance des blancs<\/span><\/td>\n<td colspan=\"8\"><span>Deux modes : Auto (par d\u00e9faut), Manuel<\/span><\/td>\n<\/tr>\n<tr>\n<td><span>WDR<\/span><\/td>\n<td colspan=\"8\"><span>DWDR<\/span><\/td>\n<\/tr>\n<tr>\n<td><span>IR intelligent<\/span><\/td>\n<td colspan=\"8\"><span>Soutien<\/span><\/td>\n<\/tr>\n<tr>\n<td><span>Retourner<\/span><\/td>\n<td colspan=\"8\"><span>Prend en charge le retournement horizontal \u00e0 180\u00b0 et le retournement vertical \u00e0 180\u00b0<\/span><\/td>\n<\/tr>\n<tr>\n<td><span>D\u00e9sembuage num\u00e9rique<\/span><\/td>\n<td colspan=\"8\"><span>Soutien<\/span><\/td>\n<\/tr>\n<tr>\n<td class=\"thead\" colspan=\"9\"><span>Audio<\/span><b><\/b><\/td>\n<\/tr>\n<tr>\n<td><span>Microphone int\u00e9gr\u00e9<\/span><\/td>\n<td colspan=\"8\"><span>Soutien<\/span><\/td>\n<\/tr>\n<tr>\n<td><span>Audio de la cam\u00e9ra<\/span><\/td>\n<td colspan=\"8\"><span>TVI\u00a0: 1080P \u00e0 25\u00a0ips, 1080P \u00e0 30\u00a0ips<\/span><br \/>\n<span>CVI\u00a0: 1080P \u00e0 25\u00a0ips, 1080P \u00e0 30\u00a0ips<\/span><\/td>\n<\/tr>\n<tr>\n<td class=\"thead\" colspan=\"9\"><span>Interface<\/span><b><\/b><\/td>\n<\/tr>\n<tr>\n<td><span>Interface d&rsquo;alimentation<\/span><\/td>\n<td colspan=\"8\"><span>Interface d&rsquo;alimentation 5,5 mm<\/span><\/td>\n<\/tr>\n<tr>\n<td><span>Sortie vid\u00e9o<\/span><\/td>\n<td colspan=\"8\"><span>BNC, prend en charge TVI\/AHD\/CVI\/CVBS<\/span><\/td>\n<\/tr>\n<tr>\n<td class=\"thead\" colspan=\"9\"><span>Environnement d&rsquo;exploitation<\/span><b><\/b><\/td>\n<\/tr>\n<tr>\n<td><span>Temp\u00e9rature<\/span><\/td>\n<td colspan=\"8\"><span>-30\u00b0C \u00e0 60\u00b0C (-22\u00b0F \u00e0 140\u00b0F)<\/span><\/td>\n<\/tr>\n<tr>\n<td><span>Humidit\u00e9<\/span><\/td>\n<td colspan=\"8\"><span>\u2264 95 % HR (sans condensation)<\/span><\/td>\n<\/tr>\n<tr>\n<td><span>Protection contre les surtensions<\/span><\/td>\n<td colspan=\"8\"><span>4 KV pour l&rsquo;alimentation, 4 KV pour les interfaces de sortie vid\u00e9o<\/span><\/td>\n<\/tr>\n<tr>\n<td><span>Protection contre les intrusions<\/span><\/td>\n<td colspan=\"8\"><span>IP67<\/span><\/td>\n<\/tr>\n<tr>\n<td class=\"thead\" colspan=\"9\"><span>G\u00e9n\u00e9ral<\/span><b><\/b><\/td>\n<\/tr>\n<tr>\n<td><span>Pouvoir<\/span><\/td>\n<td colspan=\"8\"><span>CC 12 V \u00b1 25 %<\/span><\/td>\n<\/tr>\n<tr>\n<td><span>Consommation d&rsquo;\u00e9nergie<\/span><\/td>\n<td colspan=\"8\"><span>MAX 3,2 W<\/span><\/td>\n<\/tr>\n<tr>\n<td><span>Monter<\/span><\/td>\n<td colspan=\"8\"><span>Montage mural, montage sur poteau, montage en angle, montage suspendu<\/span><\/td>\n<\/tr>\n<tr>\n<td><span>Dimensions<\/span><\/td>\n<td colspan=\"8\"><span>\u03a6111mm*98mm (diam\u00e8tre*hauteur)<\/span><\/td>\n<\/tr>\n<tr>\n<td><span>Mat\u00e9riel<\/span><\/td>\n<td colspan=\"8\"><span>Graph\u00e8ne + M\u00e9tal + Plastique<\/span><\/td>\n<\/tr>\n<tr>\n<td><span>Poids<\/span><\/td>\n<td colspan=\"8\"><span>334 g (0,74 lb)<\/span><\/td>\n<\/tr>\n<\/tbody>\n<\/table>\n","protected":false},"excerpt":{"rendered":"<div class=\"tit-18 t2 col-222\" data-search=\"content\"><span>Cam\u00e9ra analogique \u00e0 tourelle infrarouge fixe LightHunter 2\u00a0MP<\/span><\/div>\n<div class=\"tit-16 col-666\" data-search=\"content\"><span>\u2022 Imagerie de haute qualit\u00e9 avec une r\u00e9solution de 2 MP<\/span><br \/>\n<span>\u2022 TVI\/AHD\/CVI\/CVBS<\/span><br \/>\n<span>\u2022 Prend en charge le filtre IR-cut avec commutation automatique (ICR)<\/span><br \/>\n<span>\u2022 Surveillance LightHunter avec capteur haute sensibilit\u00e9<\/span><br \/>\n<span>\u2022 La technologie de r\u00e9duction du bruit 3D offre des images nettes et claires<\/span><br \/>\n<span>\u2022 Prend en charge le retournement horizontal \u00e0 180 \u00b0, le retournement vertical \u00e0 180 \u00b0<\/span><br \/>\n<span>\u2022 Menu de configuration OSD, facile \u00e0 utiliser<\/span><br \/>\n<span>\u2022 Conception \u00e9tanche \u00e0 l&rsquo;eau et \u00e0 la poussi\u00e8re IP67, haute fiabilit\u00e9<\/span><br \/>\n<span>\u2022 Menu de configuration OSD en 11 langues<\/span><br \/>\n<span>\u2022 Microphone int\u00e9gr\u00e9 pour une transmission audio de haute qualit\u00e9 via des c\u00e2bles coaxiaux<\/span><br \/>\n<span>\u2022 Prend en charge le d\u00e9sembuage num\u00e9rique<\/span><br \/>\n<span>\u2022 3 axes<\/span><\/div>\n","protected":false},"featured_media":15009,"comment_status":"open","ping_status":"closed","template":"","meta":[],"product_cat":[238,236],"product_tag":[260],"class_list":{"0":"post-15007","1":"product","2":"type-product","3":"status-publish","4":"has-post-thumbnail","6":"product_cat-securite-surveillance","7":"product_cat-video-surveillance","8":"product_tag-hd-camera","9":"product_brand-uniview","11":"first","12":"instock","13":"taxable","14":"shipping-taxable","15":"product-type-simple"},"_links":{"self":[{"href":"https:\/\/www.safer-security.net\/index.php?rest_route=\/wp\/v2\/product\/15007","targetHints":{"allow":["GET"]}}],"collection":[{"href":"https:\/\/www.safer-security.net\/index.php?rest_route=\/wp\/v2\/product"}],"about":[{"href":"https:\/\/www.safer-security.net\/index.php?rest_route=\/wp\/v2\/types\/product"}],"replies":[{"embeddable":true,"href":"https:\/\/www.safer-security.net\/index.php?rest_route=%2Fwp%2Fv2%2Fcomments&post=15007"}],"version-history":[{"count":1,"href":"https:\/\/www.safer-security.net\/index.php?rest_route=\/wp\/v2\/product\/15007\/revisions"}],"predecessor-version":[{"id":15011,"href":"https:\/\/www.safer-security.net\/index.php?rest_route=\/wp\/v2\/product\/15007\/revisions\/15011"}],"wp:featuredmedia":[{"embeddable":true,"href":"https:\/\/www.safer-security.net\/index.php?rest_route=\/wp\/v2\/media\/15009"}],"wp:attachment":[{"href":"https:\/\/www.safer-security.net\/index.php?rest_route=%2Fwp%2Fv2%2Fmedia&parent=15007"}],"wp:term":[{"taxonomy":"product_cat","embeddable":true,"href":"https:\/\/www.safer-security.net\/index.php?rest_route=%2Fwp%2Fv2%2Fproduct_cat&post=15007"},{"taxonomy":"product_tag","embeddable":true,"href":"https:\/\/www.safer-security.net\/index.php?rest_route=%2Fwp%2Fv2%2Fproduct_tag&post=15007"}],"curies":[{"name":"wp","href":"https:\/\/api.w.org\/{rel}","templated":true}]}}