{"id":15023,"date":"2025-05-31T12:39:15","date_gmt":"2025-05-31T10:39:15","guid":{"rendered":"https:\/\/www.safer-security.net\/?post_type=product&#038;p=15023"},"modified":"2025-10-23T15:34:54","modified_gmt":"2025-10-23T13:34:54","slug":"uac-b142-af2840lm-dl","status":"publish","type":"product","link":"https:\/\/www.safer-security.net\/?product=uac-b142-af2840lm-dl","title":{"rendered":"UNV | CAMERA EXT HD 2MP DUAL LIGHT IP67 DWDR 2.8MM IR40M"},"content":{"rendered":"<table width=\"100%\">\n<tbody>\n<tr>\n<td class=\"thead\" width=\"20%\"><b>Mod\u00e8le<\/b><\/td>\n<td class=\"thead\" width=\"40%\"><b>UAC-B142-AF28LM-DL<\/b><\/td>\n<td class=\"thead\" width=\"40%\"><b>UAC-B142-AF40LM-DL<\/b><\/td>\n<\/tr>\n<tr>\n<td class=\"thead\" colspan=\"3\">Capteur<\/td>\n<\/tr>\n<tr>\n<td>Pixel<\/td>\n<td colspan=\"2\">2MP<\/td>\n<\/tr>\n<tr>\n<td>Taille<\/td>\n<td colspan=\"2\">1\/3&Prime;<\/td>\n<\/tr>\n<tr>\n<td>\u00c9clairage minimum<\/td>\n<td colspan=\"2\">0,003 lux (F1,6, AGC activ\u00e9)<br \/>\n0 lux (illuminateur activ\u00e9)<\/td>\n<\/tr>\n<tr>\n<td class=\"thead\" colspan=\"3\">Lentille<\/td>\n<\/tr>\n<tr>\n<td>Lentille<\/td>\n<td>2,8 mm<\/td>\n<td>4,0 mm<\/td>\n<\/tr>\n<tr>\n<td>Monture d&rsquo;objectif<\/td>\n<td colspan=\"2\">M12<\/td>\n<\/tr>\n<tr>\n<td>Angle de vue<\/td>\n<td>H : 100,9\u00b0 V : 56,5\u00b0 D : 121,8\u00b0<\/td>\n<td>H : 82,5\u00b0 V : 42,1\u00b0 D : 98,6\u00b0<\/td>\n<\/tr>\n<tr>\n<td class=\"thead\" colspan=\"3\">Illuminateur<\/td>\n<\/tr>\n<tr>\n<td>Illuminateur<\/td>\n<td colspan=\"2\">Deux illuminateurs IR ; Deux illuminateurs \u00e0 lumi\u00e8re blanche<\/td>\n<\/tr>\n<tr>\n<td>Distance d&rsquo;\u00e9clairage<\/td>\n<td colspan=\"2\">IR : 40 m (131,23 pi)<br \/>\nLumi\u00e8re blanche : 40 m (131,23 pi)<\/td>\n<\/tr>\n<tr>\n<td>Dur\u00e9e de vie<\/td>\n<td colspan=\"2\">\u2265 60 000 heures<\/td>\n<\/tr>\n<tr>\n<td class=\"thead\" colspan=\"3\">Vid\u00e9o<\/td>\n<\/tr>\n<tr>\n<td>R\u00e9solution<\/td>\n<td colspan=\"2\">1080P\u00a0: 1920(H)\u00d71080(V)<br \/>\n720P\u00a0: 1280(H)\u00d7720(V)<\/td>\n<\/tr>\n<tr>\n<td>Fr\u00e9quence d&rsquo;images<\/td>\n<td colspan=\"2\">TVI\/AHD\/CVI\u00a0: 1\u00a0080\u00a0p \u00e0 25\u00a0ips (TVI par d\u00e9faut), 1\u00a0080\u00a0p \u00e0 30\u00a0ips\u00a0; 720\u00a0p \u00e0 25\u00a0ips, 720\u00a0p \u00e0 30\u00a0ips<br \/>\nCVBS\u00a0: PAL, NTSC<\/td>\n<\/tr>\n<tr>\n<td>Temps d&rsquo;obturation<\/td>\n<td colspan=\"2\" valign=\"top\">PAL\u00a0: 1\/25\u00a0s-1\/50\u00a0000\u00a0s<br \/>\nNTSC\u00a0: 1\/30\u00a0s-1\/50\u00a0000\u00a0s<\/td>\n<\/tr>\n<tr>\n<td class=\"thead\" colspan=\"3\">Image<\/td>\n<\/tr>\n<tr>\n<td valign=\"top\">Mode d&rsquo;exposition<\/td>\n<td colspan=\"2\" valign=\"top\">Quatre modes\u00a0: Global (par d\u00e9faut), BLC, HLC, DWDR<\/td>\n<\/tr>\n<tr>\n<td>Jour\/Nuit<\/td>\n<td colspan=\"2\">Trois modes : Auto (par d\u00e9faut), Jour, Nuit<\/td>\n<\/tr>\n<tr>\n<td>R\u00e9duction du bruit num\u00e9rique<\/td>\n<td colspan=\"2\">2D\/3D<\/td>\n<\/tr>\n<tr>\n<td>Balance des blancs<\/td>\n<td colspan=\"2\">Deux modes : Auto (par d\u00e9faut), Manuel<\/td>\n<\/tr>\n<tr>\n<td>WDR<\/td>\n<td colspan=\"2\">DWDR<\/td>\n<\/tr>\n<tr>\n<td>Mode lumi\u00e8re<\/td>\n<td colspan=\"2\">Double lumi\u00e8re (par d\u00e9faut), infrarouge, lumi\u00e8re blanche<\/td>\n<\/tr>\n<tr>\n<td>Retourner<\/td>\n<td colspan=\"2\">Prend en charge le retournement horizontal \u00e0 180\u00b0 et le retournement vertical \u00e0 180\u00b0<\/td>\n<\/tr>\n<tr>\n<td>D\u00e9sembuage<\/td>\n<td colspan=\"2\">N \/ A<\/td>\n<\/tr>\n<tr>\n<td class=\"thead\" colspan=\"3\">Audio<\/td>\n<\/tr>\n<tr>\n<td>Microphone<\/td>\n<td colspan=\"2\">Microphone int\u00e9gr\u00e9<\/td>\n<\/tr>\n<tr>\n<td>Audio de la cam\u00e9ra<\/td>\n<td colspan=\"2\">TVI\u00a0: 1080P \u00e0 25\u00a0ips, 1080P \u00e0 30\u00a0ips<br \/>\nCVI\u00a0: 1080P \u00e0 25\u00a0ips, 1080P \u00e0 30\u00a0ips<\/td>\n<\/tr>\n<tr>\n<td class=\"thead\" colspan=\"3\">Interface<\/td>\n<\/tr>\n<tr>\n<td>Pouvoir<\/td>\n<td colspan=\"2\">Interface d&rsquo;alimentation 5,5 mm<\/td>\n<\/tr>\n<tr>\n<td>Sortie vid\u00e9o<\/td>\n<td colspan=\"2\">BNC, prend en charge TVI\/AHD\/CVI\/CVBS<\/td>\n<\/tr>\n<tr>\n<td class=\"thead\" colspan=\"3\">Environnement d&rsquo;exploitation<\/td>\n<\/tr>\n<tr>\n<td>Temp\u00e9rature<\/td>\n<td colspan=\"2\">-30\u00b0C \u00e0 60\u00b0C (-22\u00b0F \u00e0 140\u00b0F)<\/td>\n<\/tr>\n<tr>\n<td>Humidit\u00e9<\/td>\n<td colspan=\"2\">\u2264 95 % (HR, sans condensation)<\/td>\n<\/tr>\n<tr>\n<td>Protection contre les surtensions<\/td>\n<td colspan=\"2\">4 kV<\/td>\n<\/tr>\n<tr>\n<td class=\"thead\" colspan=\"3\">G\u00e9n\u00e9ral<\/td>\n<\/tr>\n<tr>\n<td>Pouvoir<\/td>\n<td colspan=\"2\">DC 12 V (\u00b1 25 %), avec protection contre l&rsquo;inversion de polarit\u00e9, max 3,6 W<\/td>\n<\/tr>\n<tr>\n<td>Monter<\/td>\n<td colspan=\"2\">Support 3D fourni, montage en surface (par d\u00e9faut), bo\u00eetier arri\u00e8re en option, support de montage sur poteau<\/td>\n<\/tr>\n<tr>\n<td>Dimensions<\/td>\n<td colspan=\"2\">198 mm x 74 mm x 74 mm (L x l x H)<\/td>\n<\/tr>\n<tr>\n<td>Mat\u00e9riel<\/td>\n<td colspan=\"2\">M\u00e9tal+Plastique<\/td>\n<\/tr>\n<tr>\n<td>Poids<\/td>\n<td colspan=\"2\">227 g (0,50 lb)<\/td>\n<\/tr>\n<tr>\n<td>Langue du menu OSD<\/td>\n<td colspan=\"2\">11 langues\u00a0:<br \/>\nanglais, allemand, espagnol (Am\u00e9rique latine), fran\u00e7ais, italien, japonais, cor\u00e9en, polonais, portugais (Br\u00e9sil), russe, turc<\/td>\n<\/tr>\n<tr>\n<td class=\"thead\" colspan=\"3\">Certification<\/td>\n<\/tr>\n<tr>\n<td>CEM<\/td>\n<td colspan=\"2\">CE-EMC (EN 55032, EN 61000-3-3, EN IEC 61000-3-2, EN 55035)<br \/>\nFCC (FCC 47 CFR partie 15 B)<\/td>\n<\/tr>\n<tr>\n<td>S\u00e9curit\u00e9<\/td>\n<td colspan=\"2\">CE-LVD (EN 62368-1)<\/td>\n<\/tr>\n<tr>\n<td>Environnement<\/td>\n<td colspan=\"2\">CE-RoHS (2011\/65\/UE\u00a0; (UE) 2015\/863\u00a0); DEEE (2012\/19\/UE)<\/td>\n<\/tr>\n<tr>\n<td>Protection<\/td>\n<td colspan=\"2\">IP67 (CEI 60529)<\/td>\n<\/tr>\n<\/tbody>\n<\/table>\n","protected":false},"excerpt":{"rendered":"<div class=\"tit-18 t2 col-222\">Cam\u00e9ra analogique Bullet ColorHunter 2\u00a0MP avec double \u00e9clairage intelligent<\/div>\n<div class=\"tit-16 col-666\">\u2022 Imagerie de haute qualit\u00e9 avec une r\u00e9solution de 2 MP<br \/>\n\u2022 TVI\/AHD\/CVI\/CVBS<br \/>\n\u2022 Prend en charge le filtre IR-cut avec commutation automatique (ICR)<br \/>\n\u2022 Smart Dual Light<br \/>\n\u2022 La technologie de r\u00e9duction du bruit 3D offre des images nettes et claires<br \/>\n\u2022 Prend en charge le retournement horizontal \u00e0 180 \u00b0, le retournement vertical \u00e0 180 \u00b0<br \/>\n\u2022 Menu de configuration OSD, facile \u00e0 utiliser<br \/>\n\u2022 Conception \u00e9tanche \u00e0 l&rsquo;eau et \u00e0 la poussi\u00e8re IP67, haute fiabilit\u00e9<br \/>\n\u2022 Menu de configuration OSD en 11 langues<br \/>\n\u2022 Microphone int\u00e9gr\u00e9 pour une transmission audio de haute qualit\u00e9 via des c\u00e2bles coaxiaux<\/div>\n","protected":false},"featured_media":15024,"comment_status":"open","ping_status":"closed","template":"","meta":[],"product_cat":[238,236],"product_tag":[260],"class_list":{"0":"post-15023","1":"product","2":"type-product","3":"status-publish","4":"has-post-thumbnail","6":"product_cat-securite-surveillance","7":"product_cat-video-surveillance","8":"product_tag-hd-camera","9":"product_brand-uniview","11":"first","12":"instock","13":"taxable","14":"shipping-taxable","15":"product-type-simple"},"_links":{"self":[{"href":"https:\/\/www.safer-security.net\/index.php?rest_route=\/wp\/v2\/product\/15023","targetHints":{"allow":["GET"]}}],"collection":[{"href":"https:\/\/www.safer-security.net\/index.php?rest_route=\/wp\/v2\/product"}],"about":[{"href":"https:\/\/www.safer-security.net\/index.php?rest_route=\/wp\/v2\/types\/product"}],"replies":[{"embeddable":true,"href":"https:\/\/www.safer-security.net\/index.php?rest_route=%2Fwp%2Fv2%2Fcomments&post=15023"}],"version-history":[{"count":3,"href":"https:\/\/www.safer-security.net\/index.php?rest_route=\/wp\/v2\/product\/15023\/revisions"}],"predecessor-version":[{"id":15130,"href":"https:\/\/www.safer-security.net\/index.php?rest_route=\/wp\/v2\/product\/15023\/revisions\/15130"}],"wp:featuredmedia":[{"embeddable":true,"href":"https:\/\/www.safer-security.net\/index.php?rest_route=\/wp\/v2\/media\/15024"}],"wp:attachment":[{"href":"https:\/\/www.safer-security.net\/index.php?rest_route=%2Fwp%2Fv2%2Fmedia&parent=15023"}],"wp:term":[{"taxonomy":"product_cat","embeddable":true,"href":"https:\/\/www.safer-security.net\/index.php?rest_route=%2Fwp%2Fv2%2Fproduct_cat&post=15023"},{"taxonomy":"product_tag","embeddable":true,"href":"https:\/\/www.safer-security.net\/index.php?rest_route=%2Fwp%2Fv2%2Fproduct_tag&post=15023"}],"curies":[{"name":"wp","href":"https:\/\/api.w.org\/{rel}","templated":true}]}}