{"id":15053,"date":"2025-05-31T14:34:47","date_gmt":"2025-05-31T12:34:47","guid":{"rendered":"https:\/\/www.safer-security.net\/?post_type=product&#038;p=15053"},"modified":"2025-10-23T15:03:53","modified_gmt":"2025-10-23T13:03:53","slug":"ipc322lb-sf2840-a","status":"publish","type":"product","link":"https:\/\/www.safer-security.net\/?product=ipc322lb-sf2840-a","title":{"rendered":"UNV | CAMERA INT IP POE 2MP ANTI-VANDALISME 2.8MM IR30M"},"content":{"rendered":"<table width=\"100%\">\n<tbody>\n<tr>\n<td class=\"thead\" colspan=\"9\">Cam\u00e9ra<b><\/b><\/td>\n<\/tr>\n<tr>\n<td>R\u00e9solution maximale<\/td>\n<td colspan=\"8\">2 MP<\/td>\n<\/tr>\n<tr>\n<td>Capteur<\/td>\n<td colspan=\"8\">CMOS 1\/2,8&Prime;<\/td>\n<\/tr>\n<tr>\n<td>\u00c9clairage minimal<\/td>\n<td colspan=\"8\">Couleur : 0,01 lux (F2.0, AGC activ\u00e9)<br \/>\n0 lux avec IR activ\u00e9<\/td>\n<\/tr>\n<tr>\n<td>Jour\/Nuit<\/td>\n<td colspan=\"8\">Filtre IR-cut avec commutateur automatique (ICR)<\/td>\n<\/tr>\n<tr>\n<td>Obturateur<\/td>\n<td colspan=\"8\">Auto\/Manuel, 1 ~ 1\/100000s<\/td>\n<\/tr>\n<tr>\n<td>Angle de r\u00e9glage<\/td>\n<td colspan=\"8\">Panoramique : 3\u00b0 ~ 360\u00b0, Inclinaison : 0\u00b0 ~ 75\u00b0<\/td>\n<\/tr>\n<tr>\n<td>Num\u00e9ro de s\u00e9rie<\/td>\n<td colspan=\"8\">&gt;52 dB<\/td>\n<\/tr>\n<tr>\n<td>WDR<\/td>\n<td colspan=\"8\">DWDR<\/td>\n<\/tr>\n<tr>\n<td class=\"thead\" colspan=\"9\">Lentille<b><\/b><\/td>\n<\/tr>\n<tr>\n<td>Distance focale<\/td>\n<td colspan=\"4\">2,8 mm<\/td>\n<td colspan=\"4\">4,0 mm<\/td>\n<\/tr>\n<tr>\n<td>Type d&rsquo;iris<\/td>\n<td colspan=\"8\">Fix\u00e9<\/td>\n<\/tr>\n<tr>\n<td>Iris<\/td>\n<td colspan=\"8\">F2.0<\/td>\n<\/tr>\n<tr>\n<td>Champ de vision (H)<\/td>\n<td colspan=\"4\">101,1\u00b0<\/td>\n<td colspan=\"4\">82,5\u00b0<\/td>\n<\/tr>\n<tr>\n<td>Champ de vision (V)<\/td>\n<td colspan=\"4\">56,5\u00b0<\/td>\n<td colspan=\"4\">44,5\u00b0<\/td>\n<\/tr>\n<tr>\n<td>Champ de vision (D)<\/td>\n<td colspan=\"4\">117\u00b0<\/td>\n<td colspan=\"4\">93\u00b0<\/td>\n<\/tr>\n<tr>\n<td class=\"thead\" colspan=\"9\">DORI<b><\/b><\/td>\n<\/tr>\n<tr>\n<td>Distance DORI (objectif)<\/td>\n<td colspan=\"4\">2,8 mm<\/td>\n<td colspan=\"4\">4,0 mm<\/td>\n<\/tr>\n<tr>\n<td>Distance DORI (d\u00e9tection)<\/td>\n<td colspan=\"4\">45,0 m (147,6 pi)<\/td>\n<td colspan=\"4\">64,3 m (210,9 pi)<\/td>\n<\/tr>\n<tr>\n<td>Distance DORI (Observer)<\/td>\n<td colspan=\"4\">18,0 m (59,1 pi)<\/td>\n<td colspan=\"4\">24,8 m (81,4 pi)<\/td>\n<\/tr>\n<tr>\n<td>Distance DORI (Reconna\u00eetre)<\/td>\n<td colspan=\"4\">9,0 m (29,5 pi)<\/td>\n<td colspan=\"4\">12,4 m (40,7 pi)<\/td>\n<\/tr>\n<tr>\n<td>Distance DORI (identifier)<\/td>\n<td colspan=\"4\">4,5 m (14,8 pi)<\/td>\n<td colspan=\"4\">6,2 m (20,3 pi)<\/td>\n<\/tr>\n<tr>\n<td class=\"thead\" colspan=\"9\">Illuminateur<b><\/b><\/td>\n<\/tr>\n<tr>\n<td>Lumi\u00e8re suppl\u00e9mentaire<\/td>\n<td colspan=\"8\">IR<\/td>\n<\/tr>\n<tr>\n<td>Distance d&rsquo;\u00e9clairage (IR)<\/td>\n<td colspan=\"8\">30 m (98,4 pi)<\/td>\n<\/tr>\n<tr>\n<td>Longueur d&rsquo;onde<\/td>\n<td colspan=\"8\">850 nm<\/td>\n<\/tr>\n<tr>\n<td>Contr\u00f4le marche\/arr\u00eat IR<\/td>\n<td colspan=\"8\">Auto\/Manuel<\/td>\n<\/tr>\n<tr>\n<td class=\"thead\" colspan=\"9\">Vid\u00e9o<b><\/b><\/td>\n<\/tr>\n<tr>\n<td>Compression vid\u00e9o<\/td>\n<td colspan=\"8\">Ultra 265, H.265, H.264<\/td>\n<\/tr>\n<tr>\n<td>Profil de code H.264<\/td>\n<td colspan=\"8\">Profil de base, Profil principal, Profil \u00e9lev\u00e9<\/td>\n<\/tr>\n<tr>\n<td>Fr\u00e9quence d&rsquo;images<\/td>\n<td colspan=\"8\">Flux principal\u00a0: 1\u00a0080\u00a0p (1\u00a0920\u00a0x\u00a01\u00a0080), 30\u00a0ips max.\u00a0; 720\u00a0p (1\u00a0280\u00a0x\u00a0720), 30\u00a0ips max.\u00a0;<br \/>\nSous-flux\u00a0: D1 (720\u00a0x\u00a0576), 30\u00a0ips max.\u00a0; 640\u00a0x\u00a0360, 30\u00a0ips max.\u00a0; 2CIF (704\u00a0x\u00a0288), 30\u00a0ips max.\u00a0; CIF (352\u00a0x\u00a0288), 30\u00a0ips max.<\/td>\n<\/tr>\n<tr>\n<td>D\u00e9bit binaire vid\u00e9o<\/td>\n<td colspan=\"8\">128 Kbps \u00e0 6144 Kbps<\/td>\n<\/tr>\n<tr>\n<td>Code U<\/td>\n<td colspan=\"8\">Soutien (courant principal)<\/td>\n<\/tr>\n<tr>\n<td>OSD<\/td>\n<td colspan=\"8\">Jusqu&rsquo;\u00e0 4 OSD<\/td>\n<\/tr>\n<tr>\n<td>Masque de confidentialit\u00e9<\/td>\n<td colspan=\"8\">Jusqu&rsquo;\u00e0 4 zones<\/td>\n<\/tr>\n<tr>\n<td>retour sur investissement<\/td>\n<td colspan=\"8\">Soutien<\/td>\n<\/tr>\n<tr>\n<td>Flux vid\u00e9o<\/td>\n<td colspan=\"8\">Doubles flux<\/td>\n<\/tr>\n<tr>\n<td class=\"thead\" colspan=\"9\">Image<b><\/b><\/td>\n<\/tr>\n<tr>\n<td>Balance des blancs<\/td>\n<td colspan=\"8\">Auto, Ext\u00e9rieur, R\u00e9glage pr\u00e9cis, Lampe au sodium, Verrouill\u00e9, Auto2<\/td>\n<\/tr>\n<tr>\n<td>R\u00e9duction du bruit num\u00e9rique<\/td>\n<td colspan=\"8\">DNR 2D\/3D<\/td>\n<\/tr>\n<tr>\n<td>IR intelligent<\/td>\n<td colspan=\"8\">Soutien<\/td>\n<\/tr>\n<tr>\n<td>Retourner<\/td>\n<td colspan=\"8\">Normal, Retournement vertical, Retournement horizontal, 180\u00b0<\/td>\n<\/tr>\n<tr>\n<td>D\u00e9formation<\/td>\n<td colspan=\"8\">N \/ A<\/td>\n<\/tr>\n<tr>\n<td>HLC<\/td>\n<td colspan=\"8\">Soutien<\/td>\n<\/tr>\n<tr>\n<td>BLC<\/td>\n<td colspan=\"8\">Soutien<\/td>\n<\/tr>\n<tr>\n<td>D\u00e9sembuage<\/td>\n<td colspan=\"8\">D\u00e9sembuage num\u00e9rique<\/td>\n<\/tr>\n<tr>\n<td class=\"thead\" colspan=\"9\">\u00c9v\u00e9nements<b><\/b><\/td>\n<\/tr>\n<tr>\n<td>D\u00e9tection de base<\/td>\n<td colspan=\"8\">D\u00e9tection de mouvement<\/td>\n<\/tr>\n<tr>\n<td>Fonction g\u00e9n\u00e9rale<\/td>\n<td colspan=\"8\">Filigrane, filtrage d&rsquo;adresses IP, politique d&rsquo;acc\u00e8s, protection ARP, authentification RTSP, authentification utilisateur, authentification HTTP<\/td>\n<\/tr>\n<tr>\n<td class=\"thead\" colspan=\"9\">R\u00e9seau<b><\/b><\/td>\n<\/tr>\n<tr>\n<td>Protocoles<\/td>\n<td colspan=\"8\">IPv4, IGMP, ICMP, ARP, TCP, UDP, DHCP, RTP, RTSP, RTCP, RTMP, DNS, DDNS, NTP, UPnP, HTTP<\/td>\n<\/tr>\n<tr>\n<td>Int\u00e9gration compatible<\/td>\n<td colspan=\"8\">ONVIF (Profil S, Profil T),<br \/>\nAPI, SDK<\/td>\n<\/tr>\n<tr>\n<td>Utilisateur\/H\u00f4te<\/td>\n<td colspan=\"8\">Jusqu&rsquo;\u00e0 32 utilisateurs, 2 niveaux d&rsquo;utilisateurs : administrateur et utilisateur commun<\/td>\n<\/tr>\n<tr>\n<td>S\u00e9curit\u00e9<\/td>\n<td colspan=\"8\">Protection par mot de passe, mot de passe fort, cryptage HTTPS, journaux d&rsquo;op\u00e9rations d&rsquo;exportation, authentification de base et Digest pour RTSP, authentification Digest pour HTTP, WSSE et authentification Digest pour ONVIF<\/td>\n<\/tr>\n<tr>\n<td>Client<\/td>\n<td colspan=\"8\">EZStation, EZView, EZLive<\/td>\n<\/tr>\n<tr>\n<td>Navigateur Web<\/td>\n<td colspan=\"8\">Affichage en direct sans plug-in\u00a0: Chrome 57+, Firefox 58+, Edge 16+<\/td>\n<\/tr>\n<tr>\n<td class=\"thead\" colspan=\"9\">Interface<b><\/b><\/td>\n<\/tr>\n<tr>\n<td>E\/S audio<\/td>\n<td colspan=\"8\">N \/ A<\/td>\n<\/tr>\n<tr>\n<td>E\/S d&rsquo;alarme<\/td>\n<td colspan=\"8\">N \/ A<\/td>\n<\/tr>\n<tr>\n<td>Port s\u00e9rie<\/td>\n<td colspan=\"8\">N \/ A<\/td>\n<\/tr>\n<tr>\n<td>Microphone int\u00e9gr\u00e9<\/td>\n<td colspan=\"8\">N \/ A<\/td>\n<\/tr>\n<tr>\n<td>Haut-parleur int\u00e9gr\u00e9<\/td>\n<td colspan=\"8\">N \/ A<\/td>\n<\/tr>\n<tr>\n<td>Wi-Fi<\/td>\n<td colspan=\"8\">N \/ A<\/td>\n<\/tr>\n<tr>\n<td>R\u00e9seau<\/td>\n<td colspan=\"8\">1 \u00d7 RJ45 10 M\/100 M Base-TX Ethernet<\/td>\n<\/tr>\n<tr>\n<td>Sortie vid\u00e9o<\/td>\n<td colspan=\"8\">N \/ A<\/td>\n<\/tr>\n<tr>\n<td class=\"thead\" colspan=\"9\">Certification<b><\/b><\/td>\n<\/tr>\n<tr>\n<td>CEM<\/td>\n<td colspan=\"8\">CE-EMC (EN 55032, EN 61000-3-3, EN IEC 61000-3-2, EN 55035)<br \/>\nFCC (FCC 47 CFR part15 B)<\/td>\n<\/tr>\n<tr>\n<td>S\u00e9curit\u00e9<\/td>\n<td colspan=\"8\">CE LVD (EN 62368-1)<br \/>\nCB (IEC 62368-1)<br \/>\nUL\/CUL (UL 62368-1, CAN\/CSA C22.2 n\u00b0 62368-1)<\/td>\n<\/tr>\n<tr>\n<td>Environnement<\/td>\n<td colspan=\"8\">CE-RoHS (2011\/65\/UE\u00a0; (UE) 2015\/863\u00a0); DEEE (2012\/19\/UE)<\/td>\n<\/tr>\n<tr>\n<td>Protection<\/td>\n<td colspan=\"8\">IP67 (CEI 60529)<br \/>\nIK10 (CEI 62262)<\/td>\n<\/tr>\n<tr>\n<td class=\"thead\" colspan=\"9\">G\u00e9n\u00e9ral<b><\/b><\/td>\n<\/tr>\n<tr>\n<td>Pouvoir<\/td>\n<td colspan=\"8\">CC 12 V \u00b1 25 %, PoE (IEEE 802.3af)<\/td>\n<\/tr>\n<tr>\n<td>Consommation d&rsquo;\u00e9nergie<\/td>\n<td colspan=\"8\">Max 5,0 W<\/td>\n<\/tr>\n<tr>\n<td>Interface d&rsquo;alimentation<\/td>\n<td colspan=\"8\">Fiche d&rsquo;alimentation coaxiale \u00d85,5 mm<\/td>\n<\/tr>\n<tr>\n<td>Dimensions<\/td>\n<td colspan=\"4\">\u00d8109 x 81 mm (\u00d84,3\u201d x 3,2\u201d) (\u00d8 x H)<\/td>\n<td colspan=\"4\">\u00d8109 x 81 mm (\u00d84,3\u201d x 3,2\u201d) (\u00d8 x H)<\/td>\n<\/tr>\n<tr>\n<td>Poids<\/td>\n<td colspan=\"8\">0,35 kg (0,77 lb)<\/td>\n<\/tr>\n<tr>\n<td>Mat\u00e9riel<\/td>\n<td colspan=\"8\">M\u00e9tal + Plastique<\/td>\n<\/tr>\n<tr>\n<td>Environnement de travail<\/td>\n<td colspan=\"8\">-30 \u2103 \u00e0 60 \u2103 (-22 \u2109 \u00e0 140 \u2109), Humidit\u00e9 : \u2264 95 % HR (sans condensation)<\/td>\n<\/tr>\n<tr>\n<td>Environnement de stockage<\/td>\n<td colspan=\"8\">-30 \u2103 \u00e0 60 \u2103 (-22 \u2109 \u00e0 140 \u2109), Humidit\u00e9 : \u2264 95 % HR (sans condensation)<\/td>\n<\/tr>\n<tr>\n<td>Protection contre les surtensions<\/td>\n<td colspan=\"8\">4 KV<\/td>\n<\/tr>\n<tr>\n<td>Bouton de r\u00e9initialisation<\/td>\n<td colspan=\"8\">N \/ A<\/td>\n<\/tr>\n<tr>\n<td>Langue du client Web<\/td>\n<td colspan=\"8\">1 Langue : anglais<\/td>\n<\/tr>\n<\/tbody>\n<\/table>\n","protected":false},"excerpt":{"rendered":"<div class=\"tit-18 t2 col-222\" data-search=\"content\">Cam\u00e9ra r\u00e9seau d\u00f4me IR fixe 2MP<\/div>\n<div class=\"tit-16 col-666\" data-search=\"content\">\u2022 Image de haute qualit\u00e9 avec capteur CMOS 2MP, 1\/2,8&Prime;<br \/>\n\u2022 2MP (1920 \u00d7 1080) \u00e0 30\/25 ips ; 720P (1280 \u00d7 720) \u00e0 30\/25 ips<br \/>\n\u2022 Ultra 265, H.265, H.264<br \/>\n\u2022 Smart IR, jusqu&rsquo;\u00e0 30 m (98 pi) de distance IR<br \/>\n\u2022 Fonctionnalit\u00e9 jour\/nuit<br \/>\n\u2022 DNR 2D\/3D (r\u00e9duction num\u00e9rique du bruit)<br \/>\n\u2022 Protection IP67<br \/>\n\u2022 IK10 r\u00e9sistant au vandalisme<br \/>\n\u2022 Prise en charge de l&rsquo;alimentation PoE<br \/>\n\u2022 2 axes<\/div>\n","protected":false},"featured_media":15055,"comment_status":"open","ping_status":"closed","template":"","meta":[],"product_cat":[238,236],"product_tag":[259],"class_list":{"0":"post-15053","1":"product","2":"type-product","3":"status-publish","4":"has-post-thumbnail","6":"product_cat-securite-surveillance","7":"product_cat-video-surveillance","8":"product_tag-ip-camera","9":"product_brand-uniview","11":"first","12":"instock","13":"taxable","14":"shipping-taxable","15":"product-type-simple"},"_links":{"self":[{"href":"https:\/\/www.safer-security.net\/index.php?rest_route=\/wp\/v2\/product\/15053","targetHints":{"allow":["GET"]}}],"collection":[{"href":"https:\/\/www.safer-security.net\/index.php?rest_route=\/wp\/v2\/product"}],"about":[{"href":"https:\/\/www.safer-security.net\/index.php?rest_route=\/wp\/v2\/types\/product"}],"replies":[{"embeddable":true,"href":"https:\/\/www.safer-security.net\/index.php?rest_route=%2Fwp%2Fv2%2Fcomments&post=15053"}],"version-history":[{"count":3,"href":"https:\/\/www.safer-security.net\/index.php?rest_route=\/wp\/v2\/product\/15053\/revisions"}],"predecessor-version":[{"id":15119,"href":"https:\/\/www.safer-security.net\/index.php?rest_route=\/wp\/v2\/product\/15053\/revisions\/15119"}],"wp:featuredmedia":[{"embeddable":true,"href":"https:\/\/www.safer-security.net\/index.php?rest_route=\/wp\/v2\/media\/15055"}],"wp:attachment":[{"href":"https:\/\/www.safer-security.net\/index.php?rest_route=%2Fwp%2Fv2%2Fmedia&parent=15053"}],"wp:term":[{"taxonomy":"product_cat","embeddable":true,"href":"https:\/\/www.safer-security.net\/index.php?rest_route=%2Fwp%2Fv2%2Fproduct_cat&post=15053"},{"taxonomy":"product_tag","embeddable":true,"href":"https:\/\/www.safer-security.net\/index.php?rest_route=%2Fwp%2Fv2%2Fproduct_tag&post=15053"}],"curies":[{"name":"wp","href":"https:\/\/api.w.org\/{rel}","templated":true}]}}