{"id":15058,"date":"2025-05-31T14:36:29","date_gmt":"2025-05-31T12:36:29","guid":{"rendered":"https:\/\/www.safer-security.net\/?post_type=product&#038;p=15058"},"modified":"2025-10-23T15:01:21","modified_gmt":"2025-10-23T13:01:21","slug":"ipc3614lb-sf2840kg","status":"publish","type":"product","link":"https:\/\/www.safer-security.net\/?product=ipc3614lb-sf2840kg","title":{"rendered":"UNV | CAMERA INT IP POE 4MP"},"content":{"rendered":"<table width=\"100%\">\n<tbody>\n<tr>\n<td class=\"thead\" width=\"20%\"><\/td>\n<td class=\"thead\" colspan=\"5\" width=\"40%\">IPC3614LB-SF28K-G<\/td>\n<td class=\"thead\" colspan=\"4\" width=\"40%\">IPC3614LB-SF40K-G<\/td>\n<\/tr>\n<tr>\n<td class=\"thead\" colspan=\"10\">Cam\u00e9ra<\/td>\n<\/tr>\n<tr>\n<td>Capteur<\/td>\n<td colspan=\"9\">1\/3&Prime;, 4,0 m\u00e9gapixels, balayage progressif, CMOS<\/td>\n<\/tr>\n<tr>\n<td>\u00c9clairage minimal<\/td>\n<td colspan=\"9\">Couleur : 0,01 lux (F2.0, AGC ON)<br \/>\n0 lux avec IR<\/td>\n<\/tr>\n<tr>\n<td>Jour\/Nuit<\/td>\n<td colspan=\"9\">Filtre IR-cut avec commutateur automatique (ICR)<\/td>\n<\/tr>\n<tr>\n<td>Obturateur<\/td>\n<td colspan=\"9\">Auto\/Manuel, 1 ~ 1\/100000s<\/td>\n<\/tr>\n<tr>\n<td>Angle de r\u00e9glage<\/td>\n<td colspan=\"2\">Panoramique : 0\u00b0 ~ 360\u00b0<\/td>\n<td colspan=\"5\">Inclinaison : 0\u00b0 ~ 75\u00b0<\/td>\n<td colspan=\"2\">Rotation : 0\u00b0 ~ 360\u00b0<\/td>\n<\/tr>\n<tr>\n<td>Num\u00e9ro de s\u00e9rie<\/td>\n<td colspan=\"9\">&gt;56 dB<\/td>\n<\/tr>\n<tr>\n<td>WDR<\/td>\n<td colspan=\"9\">DWDR<\/td>\n<\/tr>\n<tr>\n<td class=\"thead\" colspan=\"10\">Lentille<\/td>\n<\/tr>\n<tr>\n<td>Type d&rsquo;objectif<\/td>\n<td colspan=\"4\">2,8 mm \u00e0 F2.0<\/td>\n<td colspan=\"5\">4,0 mm \u00e0 F2.0<\/td>\n<\/tr>\n<tr>\n<td>Iris<\/td>\n<td colspan=\"9\">Fix\u00e9<\/td>\n<\/tr>\n<tr>\n<td>Champ de vision (H)<\/td>\n<td colspan=\"4\">97,0\u00b0<\/td>\n<td colspan=\"5\">79,0\u00b0<\/td>\n<\/tr>\n<tr>\n<td>Champ de vision (V)<\/td>\n<td colspan=\"4\">52,2\u00b0<\/td>\n<td colspan=\"5\">42,3\u00b0<\/td>\n<\/tr>\n<tr>\n<td>Champ de vision (D)<\/td>\n<td colspan=\"4\">107,5\u00b0<\/td>\n<td colspan=\"5\">85,1\u00b0<\/td>\n<\/tr>\n<tr>\n<td class=\"thead\" colspan=\"10\">DORI<\/td>\n<\/tr>\n<tr>\n<td rowspan=\"3\">Distance DORI<\/td>\n<td>Lentille (mm)<\/td>\n<td colspan=\"2\">D\u00e9tecter (m)<\/td>\n<td colspan=\"3\">Observer (m)<\/td>\n<td colspan=\"2\">Reconna\u00eetre (m)<\/td>\n<td>Identifier (m)<\/td>\n<\/tr>\n<tr>\n<td>2.8<\/td>\n<td colspan=\"2\">63,0<\/td>\n<td colspan=\"3\">25.2<\/td>\n<td colspan=\"2\">12.6<\/td>\n<td>6.3<\/td>\n<\/tr>\n<tr>\n<td>4.0<\/td>\n<td colspan=\"2\">90,0<\/td>\n<td colspan=\"3\">36,0<\/td>\n<td colspan=\"2\">18.0<\/td>\n<td>9.0<\/td>\n<\/tr>\n<tr>\n<td class=\"thead\" colspan=\"10\">Illuminateur<\/td>\n<\/tr>\n<tr>\n<td>Gamme IR<\/td>\n<td colspan=\"9\">Port\u00e9e IR jusqu&rsquo;\u00e0 30 m (98 pi)<\/td>\n<\/tr>\n<tr>\n<td>Longueur d&rsquo;onde<\/td>\n<td colspan=\"9\">850 nm<\/td>\n<\/tr>\n<tr>\n<td>Contr\u00f4le marche\/arr\u00eat IR<\/td>\n<td colspan=\"9\">Auto\/Manuel<\/td>\n<\/tr>\n<tr>\n<td class=\"thead\" colspan=\"10\">Vid\u00e9o<\/td>\n<\/tr>\n<tr>\n<td>Compression vid\u00e9o<\/td>\n<td colspan=\"9\">Ultra 265, H.265, H.264, MJPEG<\/td>\n<\/tr>\n<tr>\n<td>Profil de code H.264<\/td>\n<td colspan=\"9\">Profil de base, Profil principal, Profil \u00e9lev\u00e9<\/td>\n<\/tr>\n<tr>\n<td>Fr\u00e9quence d&rsquo;images<\/td>\n<td colspan=\"9\">Flux principal : 4 MP (2560 x 1440), 25 ips max. ; 3 MP (2304 x 1296), 30 ips max. ; 1080P (1920 x 1080), 30 ips max. ; 720P (1280 x 720), 30 ips max.<br \/>\nSous-flux : D1 (720 x 576), 30 ips max. ; 640 x 360, 30 ips max. ; 2 CIF (704 x 288), 30 ips max. ; CIF (352 x 288), 30 ips max.<\/td>\n<\/tr>\n<tr>\n<td>D\u00e9bit binaire vid\u00e9o<\/td>\n<td colspan=\"9\">128 Kbps ~ 6144 kbps<\/td>\n<\/tr>\n<tr>\n<td>Code U<\/td>\n<td colspan=\"9\">Soutien<\/td>\n<\/tr>\n<tr>\n<td>OSD<\/td>\n<td colspan=\"9\">Jusqu&rsquo;\u00e0 4 OSD<\/td>\n<\/tr>\n<tr>\n<td>Masque de confidentialit\u00e9<\/td>\n<td colspan=\"9\">Jusqu&rsquo;\u00e0 4 zones<\/td>\n<\/tr>\n<tr>\n<td>retour sur investissement<\/td>\n<td colspan=\"9\">Jusqu&rsquo;\u00e0 8 zones<\/td>\n<\/tr>\n<tr>\n<td>Flux vid\u00e9o<\/td>\n<td colspan=\"9\">Doubles flux<\/td>\n<\/tr>\n<tr>\n<td class=\"thead\" colspan=\"10\">Image<\/td>\n<\/tr>\n<tr>\n<td>Balance des blancs<\/td>\n<td colspan=\"9\">Auto\/Ext\u00e9rieur\/R\u00e9glage pr\u00e9cis\/Lampe au sodium\/Verrouill\u00e9\/Auto2<\/td>\n<\/tr>\n<tr>\n<td>R\u00e9duction du bruit num\u00e9rique<\/td>\n<td colspan=\"9\">DNR 2D\/3D<\/td>\n<\/tr>\n<tr>\n<td>IR intelligent<\/td>\n<td colspan=\"9\">Soutien<\/td>\n<\/tr>\n<tr>\n<td>Retourner<\/td>\n<td colspan=\"9\">Normal\/Vertical\/Horizontal\/180\u00b0<\/td>\n<\/tr>\n<tr>\n<td>D\u00e9formation<\/td>\n<td colspan=\"9\">N \/ A<\/td>\n<\/tr>\n<tr>\n<td>HLC<\/td>\n<td colspan=\"9\">Soutien<\/td>\n<\/tr>\n<tr>\n<td>BLC<\/td>\n<td colspan=\"9\">Soutien<\/td>\n<\/tr>\n<tr>\n<td>D\u00e9sembuage<\/td>\n<td colspan=\"9\">D\u00e9sembuage num\u00e9rique<\/td>\n<\/tr>\n<tr>\n<td class=\"thead\" colspan=\"10\">\u00c9v\u00e9nements<\/td>\n<\/tr>\n<tr>\n<td rowspan=\"2\">D\u00e9tection de comportement<\/td>\n<td colspan=\"9\">Franchissement de ligne, intrusion (bas\u00e9 sur la d\u00e9tection du corps humain)<\/td>\n<\/tr>\n<tr>\n<td colspan=\"9\">D\u00e9tection de mouvement, alarme anti-sabotage<\/td>\n<\/tr>\n<tr>\n<td>Fonction g\u00e9n\u00e9rale<\/td>\n<td colspan=\"9\">Filigrane, filtrage d&rsquo;adresse IP, politique d&rsquo;acc\u00e8s, protection ARP, authentification RTSP, authentification des utilisateurs<\/td>\n<\/tr>\n<tr>\n<td class=\"thead\" colspan=\"10\">Stockage<\/td>\n<\/tr>\n<tr>\n<td>Stockage Edge<\/td>\n<td colspan=\"9\">Micro SD, jusqu&rsquo;\u00e0 128 Go<\/td>\n<\/tr>\n<tr>\n<td>Stockage r\u00e9seau<\/td>\n<td colspan=\"9\">ANR, NAS(NFS)<\/td>\n<\/tr>\n<tr>\n<td class=\"thead\" colspan=\"10\">R\u00e9seau<\/td>\n<\/tr>\n<tr>\n<td>Protocoles<\/td>\n<td colspan=\"9\">IPv4, IGMP, ICMP, ARP, TCP, UDP, DHCP, RTP, RTSP, RTCP, RTMP, DNS, DDNS, NTP, FTP, UPnP, HTTP, HTTPS, SMTP, QoS, SSL\/TLS, SNMP<\/td>\n<\/tr>\n<tr>\n<td>Int\u00e9gration compatible<\/td>\n<td colspan=\"9\">ONVIF (Profil S, Profil G, Profil T), API, SDK<\/td>\n<\/tr>\n<tr>\n<td valign=\"top\">Utilisateur\/H\u00f4te<\/td>\n<td colspan=\"9\" valign=\"top\">Jusqu&rsquo;\u00e0 32 utilisateurs. 2 niveaux d&rsquo;utilisateur\u00a0: administrateur et utilisateur commun<\/td>\n<\/tr>\n<tr>\n<td valign=\"top\">S\u00e9curit\u00e9<\/td>\n<td colspan=\"9\" valign=\"top\">Protection par mot de passe, mot de passe fort, cryptage HTTPS, journaux d&rsquo;op\u00e9rations d&rsquo;exportation, authentification de base et digest pour RTSP, authentification Digest pour HTTP, TLS 1.2, WSSE et authentification digest pour ONVIF<\/td>\n<\/tr>\n<tr>\n<td>Client<\/td>\n<td colspan=\"9\">EZStation<br \/>\nEZView<br \/>\nEZLive<\/td>\n<\/tr>\n<tr>\n<td rowspan=\"2\">Navigateur Web<\/td>\n<td colspan=\"9\">Plug-in requis pour l&rsquo;affichage en direct\u00a0: IE 10 et sup\u00e9rieur, Chrome 45 et sup\u00e9rieur, Firefox 52 et sup\u00e9rieur, Edge 79 et sup\u00e9rieur<\/td>\n<\/tr>\n<tr>\n<td colspan=\"9\">Affichage en direct sans plug-in\u00a0: Chrome 57.0 et sup\u00e9rieur, Firefox 58.0 et sup\u00e9rieur, Edge 16 et sup\u00e9rieur<\/td>\n<\/tr>\n<tr>\n<td class=\"thead\" colspan=\"10\">Interface<\/td>\n<\/tr>\n<tr>\n<td>E\/S audio<\/td>\n<td colspan=\"9\">N \/ A<\/td>\n<\/tr>\n<tr>\n<td>E\/S d&rsquo;alarme<\/td>\n<td colspan=\"9\">N \/ A<\/td>\n<\/tr>\n<tr>\n<td valign=\"top\">Port s\u00e9rie<\/td>\n<td colspan=\"9\">N \/ A<\/td>\n<\/tr>\n<tr>\n<td>Microphone int\u00e9gr\u00e9<\/td>\n<td colspan=\"9\">N \/ A<\/td>\n<\/tr>\n<tr>\n<td>Haut-parleur int\u00e9gr\u00e9<\/td>\n<td colspan=\"9\">N \/ A<\/td>\n<\/tr>\n<tr>\n<td valign=\"top\">Wi-Fi<\/td>\n<td colspan=\"9\">N \/ A<\/td>\n<\/tr>\n<tr>\n<td>R\u00e9seau<\/td>\n<td colspan=\"9\">1 * RJ45 10M\/100M Base-TX Ethernet<\/td>\n<\/tr>\n<tr>\n<td>Sortie vid\u00e9o<\/td>\n<td colspan=\"9\">N \/ A<\/td>\n<\/tr>\n<tr>\n<td class=\"thead\" colspan=\"10\">Certification<\/td>\n<\/tr>\n<tr>\n<td>CEM<\/td>\n<td colspan=\"9\">CE-EMC (EN 55032\u00a0: 2015+A1:2020,EN 61000-3-3\u00a0: 2013+A1\u00a0: 2019,EN IEC 61000-3-2\u00a0: 2019+A1\u00a0: 2021,EN 55035\u00a0: 2017+A11:2020)<br \/>\nFCC (FCC CFR 47 partie 15 B, ANSI C63.4-2014)<\/td>\n<\/tr>\n<tr>\n<td>S\u00e9curit\u00e9<\/td>\n<td colspan=\"9\">CE LVD (EN 62368-1:2014+A11:2017)<br \/>\nCB (IEC 62368-1:2014)<br \/>\nUL (UL 62368-1, 2e \u00e9d., date de publication : 2014-12-01)<\/td>\n<\/tr>\n<tr>\n<td>Environnement<\/td>\n<td colspan=\"9\">CE-RoHS (2011\/65\/UE\u00a0; (UE) 2015\/863\u00a0); DEEE (2012\/19\/UE)\u00a0; Port\u00e9e (R\u00e8glement (CE) n\u00b0 1907\/2006)<\/td>\n<\/tr>\n<tr>\n<td>Protection<\/td>\n<td colspan=\"9\">IP67 (CEI 60529:1989+AMD1:1999+AMD2:2013)<\/td>\n<\/tr>\n<tr>\n<td class=\"thead\" colspan=\"10\">G\u00e9n\u00e9ral<\/td>\n<\/tr>\n<tr>\n<td rowspan=\"2\">Pouvoir<\/td>\n<td colspan=\"9\">CC 12 V \u00b1 25 %, PoE (IEEE 802.3af)<\/td>\n<\/tr>\n<tr>\n<td colspan=\"9\">Consommation \u00e9lectrique : Max 4,0 W<\/td>\n<\/tr>\n<tr>\n<td valign=\"top\">Interface d&rsquo;alimentation<\/td>\n<td colspan=\"9\" valign=\"top\">Fiche d&rsquo;alimentation coaxiale \u00d8 5,5 mm<\/td>\n<\/tr>\n<tr>\n<td>Dimensions (\u00d8 x H)<\/td>\n<td colspan=\"9\">\u03a6118 x 97 mm (\u03a64,6 po x 3,8 po)<\/td>\n<\/tr>\n<tr>\n<td>Poids<\/td>\n<td colspan=\"9\">0,30 kg (0,66 lb)<\/td>\n<\/tr>\n<tr>\n<td>Mat\u00e9riel<\/td>\n<td colspan=\"9\">M\u00e9tal + Plastique<\/td>\n<\/tr>\n<tr>\n<td>Environnement de travail<\/td>\n<td colspan=\"9\">-30\u00b0C ~ 60\u00b0C (-22\u00b0F ~ 140\u00b0F), Humidit\u00e9 : \u226495 % HR (sans condensation)<\/td>\n<\/tr>\n<tr>\n<td>Environnement de stockage<\/td>\n<td colspan=\"9\">-30\u00b0C ~ 60\u00b0C (-22\u00b0F ~ 140\u00b0F), Humidit\u00e9 : \u226495 % HR (sans condensation)<\/td>\n<\/tr>\n<tr>\n<td>Protection contre les surtensions<\/td>\n<td colspan=\"9\">4KV<\/td>\n<\/tr>\n<tr>\n<td>Bouton de r\u00e9initialisation<\/td>\n<td colspan=\"9\">N \/ A<\/td>\n<\/tr>\n<\/tbody>\n<\/table>\n","protected":false},"excerpt":{"rendered":"<div class=\"tit-18 t2 col-222\" data-search=\"content\">Cam\u00e9ra r\u00e9seau \u00e0 d\u00f4me fixe 4MP<\/div>\n<div class=\"tit-16 col-666\" data-search=\"content\">\u2022 Image de haute qualit\u00e9 avec capteur CMOS 4MP, 1\/3&Prime;<br \/>\n\u2022 4MP (2560*1440)@25\/20fps ; 3MP (2304*1296)@30\/25fps ; 2MP (1920*1080)@30\/25fps ; 720P (1280*720)@30\/25fps<br \/>\n\u2022 Ultra 265, H.265, H.264, MJPEG<br \/>\n\u2022 Smart IR, jusqu&rsquo;\u00e0 30 m (98 pi) de distance IR<br \/>\n\u2022 Prend en charge une carte Micro SD de 128 Go<br \/>\n\u2022 Prend en charge l&rsquo;alimentation PoE<br \/>\n\u2022 3 axes<\/div>\n","protected":false},"featured_media":15059,"comment_status":"open","ping_status":"closed","template":"","meta":[],"product_cat":[238,236],"product_tag":[259],"class_list":{"0":"post-15058","1":"product","2":"type-product","3":"status-publish","4":"has-post-thumbnail","6":"product_cat-securite-surveillance","7":"product_cat-video-surveillance","8":"product_tag-ip-camera","9":"product_brand-uniview","11":"first","12":"instock","13":"taxable","14":"shipping-taxable","15":"product-type-simple"},"_links":{"self":[{"href":"https:\/\/www.safer-security.net\/index.php?rest_route=\/wp\/v2\/product\/15058","targetHints":{"allow":["GET"]}}],"collection":[{"href":"https:\/\/www.safer-security.net\/index.php?rest_route=\/wp\/v2\/product"}],"about":[{"href":"https:\/\/www.safer-security.net\/index.php?rest_route=\/wp\/v2\/types\/product"}],"replies":[{"embeddable":true,"href":"https:\/\/www.safer-security.net\/index.php?rest_route=%2Fwp%2Fv2%2Fcomments&post=15058"}],"version-history":[{"count":4,"href":"https:\/\/www.safer-security.net\/index.php?rest_route=\/wp\/v2\/product\/15058\/revisions"}],"predecessor-version":[{"id":15117,"href":"https:\/\/www.safer-security.net\/index.php?rest_route=\/wp\/v2\/product\/15058\/revisions\/15117"}],"wp:featuredmedia":[{"embeddable":true,"href":"https:\/\/www.safer-security.net\/index.php?rest_route=\/wp\/v2\/media\/15059"}],"wp:attachment":[{"href":"https:\/\/www.safer-security.net\/index.php?rest_route=%2Fwp%2Fv2%2Fmedia&parent=15058"}],"wp:term":[{"taxonomy":"product_cat","embeddable":true,"href":"https:\/\/www.safer-security.net\/index.php?rest_route=%2Fwp%2Fv2%2Fproduct_cat&post=15058"},{"taxonomy":"product_tag","embeddable":true,"href":"https:\/\/www.safer-security.net\/index.php?rest_route=%2Fwp%2Fv2%2Fproduct_tag&post=15058"}],"curies":[{"name":"wp","href":"https:\/\/api.w.org\/{rel}","templated":true}]}}