{"id":15102,"date":"2025-10-21T16:46:37","date_gmt":"2025-10-21T14:46:37","guid":{"rendered":"https:\/\/www.safer-security.net\/?post_type=product&#038;p=15102"},"modified":"2025-10-21T16:46:37","modified_gmt":"2025-10-21T14:46:37","slug":"tiandy-camera-bullet-4mp-motorized-ir80m-micro-msd","status":"publish","type":"product","link":"https:\/\/www.safer-security.net\/?product=tiandy-camera-bullet-4mp-motorized-ir80m-micro-msd","title":{"rendered":"TIANDY | CAMERA BULLET 4MP MOTORIZED IR80M MICRO MSD"},"content":{"rendered":"<table class=\"STable\" border=\"1\" width=\"100%\" cellspacing=\"0\" cellpadding=\"5\" align=\"center\">\n<tbody>\n<tr class=\"bright\">\n<td class=\"tab_title\" width=\"40%\"><span class=\"article\"><span class=\"row_id_23620\"><span dir=\"auto\">Standard<\/span><\/span><\/span><span dir=\"auto\">\u00a0:<\/span><\/td>\n<td class=\"tab_value\"><span dir=\"auto\">propri\u00e9t\u00e9 intellectuelle<\/span><\/td>\n<\/tr>\n<tr class=\"dark\">\n<td class=\"tab_title\" width=\"40%\"><span class=\"article\"><span class=\"row_id_1767\"><span dir=\"auto\">R\u00e9solution<\/span><\/span><\/span><span dir=\"auto\">\u00a0:<\/span><\/td>\n<td class=\"tab_value\"><span dir=\"auto\">2688 x 1520 &#8211; 4\u00a0\u00a0<\/span><span class=\"article\"><span dir=\"auto\">Mpx<\/span><\/span><span dir=\"auto\">\u00a0,<\/span><br \/>\n<span dir=\"auto\">2560 x 1440 &#8211; 3,7\u00a0\u00a0<\/span><span class=\"article\"><span dir=\"auto\">Mpx<\/span><\/span><span dir=\"auto\">\u00a0,<\/span><br \/>\n<span dir=\"auto\">2304 x 1296 &#8211; 3\u00a0\u00a0<\/span><span class=\"article\"><span dir=\"auto\">Mpx<\/span><\/span><span dir=\"auto\">\u00a0,<\/span><br \/>\n<span dir=\"auto\">1920 x 1080 &#8211;\u00a0<\/span><span class=\"article\"><span dir=\"auto\">1080p<\/span><\/span><span dir=\"auto\">\u00a0,<\/span><br \/>\n<span dir=\"auto\">1280 x 720 &#8211;\u00a0<\/span><span class=\"article\"><span dir=\"auto\">720p<\/span><\/span><\/td>\n<\/tr>\n<tr class=\"bright\">\n<td class=\"tab_title\" width=\"40%\"><span class=\"article\"><span class=\"row_id_597\"><span dir=\"auto\">Capteur<\/span><\/span><\/span><span dir=\"auto\">\u00a0:<\/span><\/td>\n<td class=\"tab_value\"><span dir=\"auto\">CMOS \u00e0 balayage progressif 1\/2,9&Prime;<\/span><\/td>\n<\/tr>\n<tr class=\"dark\">\n<td class=\"tab_title\" width=\"40%\"><span class=\"row_id_598\"><span dir=\"auto\">Objectif<\/span><\/span><span dir=\"auto\">\u00a0:<\/span><\/td>\n<td class=\"tab_value\"><span dir=\"auto\">2,8 &#8230; 12 mm &#8211; Motozoom<\/span><\/td>\n<\/tr>\n<tr class=\"bright\">\n<td class=\"tab_title\" width=\"40%\"><span class=\"article\"><span class=\"row_id_599\"><span dir=\"auto\">Angle de vue<\/span><\/span><\/span><span dir=\"auto\">\u00a0:<\/span><\/td>\n<td class=\"tab_value\"><span dir=\"auto\">104 \u00b0 &#8230; 30 \u00b0<\/span><\/td>\n<\/tr>\n<tr class=\"dark\">\n<td class=\"tab_title\" width=\"40%\"><span class=\"article\"><span class=\"row_id_3435\"><span dir=\"auto\">Port\u00e9e de l&rsquo;\u00e9clairage IR<\/span><\/span><\/span><span dir=\"auto\">\u00a0:<\/span><\/td>\n<td class=\"tab_value\"><span dir=\"auto\">80 m<\/span><\/td>\n<\/tr>\n<tr class=\"bright\">\n<td class=\"tab_title\" width=\"40%\"><span class=\"article\"><span class=\"row_id_2878\"><span dir=\"auto\">Interface RS-485<\/span><\/span><\/span><span dir=\"auto\">\u00a0:<\/span><\/td>\n<td class=\"tab_value\"><img decoding=\"async\" title=\"\" src=\"https:\/\/shopdelta.eu\/img\/p_table_false.png\" alt=\"\" border=\"0\" \/><\/td>\n<\/tr>\n<tr class=\"dark\">\n<td class=\"tab_title\" width=\"40%\"><span class=\"row_id_12428\"><span dir=\"auto\">Emplacement pour carte m\u00e9moire<\/span><\/span><span dir=\"auto\">\u00a0:<\/span><\/td>\n<td class=\"tab_value\"><span dir=\"auto\">Prise en charge de la carte Micro SD jusqu&rsquo;\u00e0 512 Go<\/span><\/td>\n<\/tr>\n<tr class=\"bright\">\n<td class=\"tab_title\" width=\"40%\"><span class=\"no_row_id_3859\"><span dir=\"auto\">M\u00e9thode de compression d&rsquo;image<\/span><\/span><span dir=\"auto\">\u00a0:<\/span><\/td>\n<td class=\"tab_value\"><span dir=\"auto\">S+265 \/\u00a0<\/span><span class=\"article\"><span dir=\"auto\">H.265<\/span><\/span><span dir=\"auto\">\u00a0\/\u00a0<\/span><span class=\"article\"><span dir=\"auto\">H.264<\/span><\/span><\/td>\n<\/tr>\n<tr class=\"dark\">\n<td class=\"tab_title\" width=\"40%\"><span class=\"row_id_3870\"><span dir=\"auto\">Entr\u00e9es \/ sorties d&rsquo;alarme<\/span><\/span><span dir=\"auto\">\u00a0:<\/span><\/td>\n<td class=\"tab_value\"><img decoding=\"async\" title=\"\" src=\"https:\/\/shopdelta.eu\/img\/p_table_false.png\" alt=\"\" border=\"0\" \/><\/td>\n<\/tr>\n<tr class=\"bright\">\n<td class=\"tab_title\" width=\"40%\"><span class=\"row_id_1654\"><span dir=\"auto\">Audio<\/span><\/span><span dir=\"auto\">\u00a0:<\/span><\/td>\n<td class=\"tab_value\">\n<ul>\n<li><span dir=\"auto\">Microphone int\u00e9gr\u00e9<\/span><\/li>\n<li><span dir=\"auto\">Transmission audio via le r\u00e9seau<\/span><\/li>\n<\/ul>\n<\/td>\n<\/tr>\n<tr class=\"dark\">\n<td class=\"tab_title\" width=\"40%\"><span class=\"row_id_12358\"><span dir=\"auto\">Fr\u00e9quence d&rsquo;images principale<\/span><\/span><span dir=\"auto\">\u00a0:<\/span><\/td>\n<td class=\"tab_value\"><span dir=\"auto\">25\u00a0\u00a0<\/span><span class=\"article\"><span dir=\"auto\">ips<\/span><\/span><span dir=\"auto\">\u00a0\u00e0 4\u00a0\u00a0<\/span><span class=\"article\"><span dir=\"auto\">Mpx<\/span><\/span><\/td>\n<\/tr>\n<tr class=\"bright\">\n<td class=\"tab_title\" width=\"40%\"><span class=\"row_id_2314\"><span dir=\"auto\">Interface<\/span><\/span><span dir=\"auto\">\u00a0:<\/span><\/td>\n<td class=\"tab_value\"><span dir=\"auto\">10\/100 Base-TX\u00a0<\/span><span class=\"article\"><span dir=\"auto\">(RJ-45)<\/span><\/span><\/td>\n<\/tr>\n<tr class=\"dark\">\n<td class=\"tab_title\" width=\"40%\"><span class=\"row_id_12363\"><span dir=\"auto\">Serveur WEB<\/span><\/span><span dir=\"auto\">\u00a0:<\/span><\/td>\n<td class=\"tab_value\"><span dir=\"auto\">Int\u00e9gr\u00e9<\/span><\/td>\n<\/tr>\n<tr class=\"bright\">\n<td class=\"tab_title\" width=\"40%\"><span class=\"row_id_7641\"><span dir=\"auto\">Nombre max. d&rsquo;utilisateurs en ligne<\/span><\/span><span dir=\"auto\">\u00a0:<\/span><\/td>\n<td class=\"tab_value\"><span dir=\"auto\">2\u00a0<\/span><\/td>\n<\/tr>\n<tr class=\"dark\">\n<td class=\"tab_title\" width=\"40%\"><span class=\"article\"><span class=\"row_id_12361\"><span dir=\"auto\">ONVIF<\/span><\/span><\/span><span dir=\"auto\">\u00a0:<\/span><\/td>\n<td class=\"tab_value\"><img decoding=\"async\" title=\"\" src=\"https:\/\/shopdelta.eu\/img\/p_table_true.png\" alt=\"\" border=\"0\" \/><\/td>\n<\/tr>\n<tr class=\"bright\">\n<td class=\"tab_title\" width=\"40%\"><span class=\"row_id_3873\"><span dir=\"auto\">Prise en charge des t\u00e9l\u00e9phones mobiles<\/span><\/span><span dir=\"auto\">\u00a0:<\/span><\/td>\n<td class=\"tab_value\"><span dir=\"auto\">Port n\u00b0 : 3000 ou acc\u00e8s par un cloud (P2P)<\/span><\/p>\n<ul>\n<li><span dir=\"auto\">Android :\u00a0application gratuite\u00a0<\/span><a href=\"https:\/\/play.google.com\/store\/apps\/details?id=com.tiandy.easyliveplus&amp;hl=pl&amp;gl=US\" target=\"_blank\" rel=\"noopener\"><span dir=\"auto\">EasyLive Plus<\/span><\/a><\/li>\n<li><span dir=\"auto\">iOS (iPhone) :\u00a0application gratuite\u00a0<\/span><a href=\"https:\/\/apps.apple.com\/us\/app\/easylive-plus\/id1573338371\"><span dir=\"auto\">EasyLive Plus<\/span><\/a><\/li>\n<\/ul>\n<\/td>\n<\/tr>\n<tr class=\"dark\">\n<td class=\"tab_title\" width=\"40%\"><span class=\"no_row_id_24130\"><span dir=\"auto\">Acc\u00e8s depuis le PC<\/span><\/span><span dir=\"auto\">\u00a0:<\/span><\/td>\n<td class=\"tab_value\"><span dir=\"auto\">Port n\u00b0 : 3000 ou acc\u00e8s par un cloud (P2P) &#8211; PC :\u00a0application gratuite\u00a0<\/span><a href=\"https:\/\/help.tiandycloud.com\/software.html?page=Easy7%20Smart&amp;id=2002\" target=\"_blank\" rel=\"noopener\"><span dir=\"auto\">Easy7 Smart Client Express<\/span><\/a><\/td>\n<\/tr>\n<tr class=\"bright\">\n<td class=\"tab_title\" width=\"40%\"><span class=\"no_row_id_25518\"><span dir=\"auto\">Adresse IP par d\u00e9faut<\/span><\/span><span dir=\"auto\">\u00a0:<\/span><\/td>\n<td class=\"tab_value\"><span dir=\"auto\">DHCP ou 192.168.1.2\u00a0<\/span><\/td>\n<\/tr>\n<tr class=\"dark\">\n<td class=\"tab_title\" width=\"40%\"><span class=\"article\"><span class=\"no_row_id_25516\"><span dir=\"auto\">Utilisateur\/mot de passe administrateur par d\u00e9faut<\/span><\/span><\/span><span dir=\"auto\">\u00a0:<\/span><\/td>\n<td class=\"tab_value\"><span dir=\"auto\">admin \/ &#8211;<\/span><br \/>\n<span dir=\"auto\">Le mot de passe administrateur doit \u00eatre d\u00e9fini au premier d\u00e9marrage<\/span><\/td>\n<\/tr>\n<tr class=\"bright\">\n<td class=\"tab_title\" width=\"40%\"><span class=\"no_row_id_25519\"><span dir=\"auto\">Ports d&rsquo;acc\u00e8s du navigateur Web<\/span><\/span><span dir=\"auto\">\u00a0:<\/span><\/td>\n<td class=\"tab_value\"><span dir=\"auto\">80, 443, 3000, 3001, 3002, 23002\u00a0<\/span><\/td>\n<\/tr>\n<tr class=\"dark\">\n<td class=\"tab_title\" width=\"40%\"><span class=\"no_row_id_25523\"><span dir=\"auto\">Ports d&rsquo;acc\u00e8s client mobile<\/span><\/span><span dir=\"auto\">\u00a0:<\/span><\/td>\n<td class=\"tab_value\"><span dir=\"auto\">3000, 3001\u00a0<\/span><\/td>\n<\/tr>\n<tr class=\"bright\">\n<td class=\"tab_title\" width=\"40%\"><span class=\"no_row_id_25522\"><span dir=\"auto\">Ports d&rsquo;acc\u00e8s client PC<\/span><\/span><span dir=\"auto\">\u00a0:<\/span><\/td>\n<td class=\"tab_value\"><span dir=\"auto\">3000, 3001\u00a0<\/span><\/td>\n<\/tr>\n<tr class=\"dark\">\n<td class=\"tab_title\" width=\"40%\"><span class=\"no_row_id_26037\"><span dir=\"auto\">Analyse d&rsquo;image intelligente<\/span><\/span><span dir=\"auto\">\u00a0:<\/span><\/td>\n<td class=\"tab_value\">\n<ul>\n<li><span class=\"article\"><span dir=\"auto\">franchir la ligne (pi\u00e8ge)<\/span><\/span><\/li>\n<li><span class=\"article\"><span dir=\"auto\">intrusion<\/span><\/span><\/li>\n<\/ul>\n<\/td>\n<\/tr>\n<tr class=\"bright\">\n<td class=\"tab_title\" width=\"40%\"><span class=\"row_id_2932\"><span dir=\"auto\">Caract\u00e9ristiques principales<\/span><\/span><span dir=\"auto\">\u00a0:<\/span><\/td>\n<td class=\"tab_value\">\n<ul>\n<li><span class=\"article\"><span dir=\"auto\">WDR &#8211; 120 dB &#8211; Large plage dynamique<\/span><\/span><\/li>\n<li><span class=\"article\"><span dir=\"auto\">3D-DNR &#8211; R\u00e9duction num\u00e9rique du bruit<\/span><\/span><\/li>\n<li><span class=\"article\"><span dir=\"auto\">F-DNR (Defog) &#8211; R\u00e9duction du bruit de l&rsquo;image caus\u00e9 par les pr\u00e9cipitations<\/span><\/span><\/li>\n<li><span dir=\"auto\">AGC &#8211; Contr\u00f4le automatique de gain<\/span><\/li>\n<li><span class=\"article\"><span dir=\"auto\">ROI &#8211; am\u00e9liorer la qualit\u00e9 des parties s\u00e9lectionn\u00e9es de l&rsquo;image<\/span><\/span><\/li>\n<li><span dir=\"auto\">ANR &#8211; Le r\u00e9approvisionnement automatique du r\u00e9seau permet d&rsquo;enregistrer l&rsquo;image sur la carte lorsque la connexion r\u00e9seau avec le DVR est interrompue (panne de r\u00e9seau) et de synchroniser ensuite sa<\/span><\/li>\n<li><span dir=\"auto\">BLC\/HLC &#8211; Compensation de contre-jour\/haute luminosit\u00e9<\/span><\/li>\n<li><span class=\"article\"><span dir=\"auto\">ICR &#8211; Filtre infrarouge mobile<\/span><\/span><\/li>\n<li><span dir=\"auto\">Possibilit\u00e9 de modifier la r\u00e9solution, la qualit\u00e9 et le d\u00e9bit binaire<\/span><\/li>\n<li><span dir=\"auto\">Mode jour\/nuit<\/span><\/li>\n<li><span class=\"article\"><span dir=\"auto\">Zones de confidentialit\u00e9<\/span><\/span><\/li>\n<li><span class=\"article\"><span dir=\"auto\">D\u00e9tection de mouvement<\/span><\/span><\/li>\n<\/ul>\n<\/td>\n<\/tr>\n<tr class=\"dark\">\n<td class=\"tab_title\" width=\"40%\"><span class=\"row_id_127\"><span dir=\"auto\">Alimentation<\/span><\/span><span dir=\"auto\">\u00a0:<\/span><\/td>\n<td class=\"tab_value\">\n<ul>\n<li><span class=\"article\"><span dir=\"auto\">PoE (802.3af)<\/span><\/span><span dir=\"auto\">\u00a0,<\/span><\/li>\n<li><span dir=\"auto\">12 V\u00a0<\/span><span class=\"article\"><span dir=\"auto\">CC<\/span><\/span><span dir=\"auto\">\u00a0\/ 590 mA<\/span><\/li>\n<\/ul>\n<\/td>\n<\/tr>\n<tr class=\"bright\">\n<td class=\"tab_title\" width=\"40%\"><span class=\"row_id_632\"><span dir=\"auto\">Consommation \u00e9lectrique<\/span><\/span><span dir=\"auto\">\u00a0:<\/span><\/td>\n<td class=\"tab_value\"><span dir=\"auto\">\u2264 7 W<\/span><\/td>\n<\/tr>\n<tr class=\"dark\">\n<td class=\"tab_title\" width=\"40%\"><span class=\"row_id_305\"><span dir=\"auto\">Logement<\/span><\/span><span dir=\"auto\">\u00a0:<\/span><\/td>\n<td class=\"tab_value\"><span dir=\"auto\">D\u00f4me &#8211; M\u00e9tal + Plastique<\/span><\/td>\n<\/tr>\n<tr class=\"bright\">\n<td class=\"tab_title\" width=\"40%\"><span class=\"row_id_1006\"><span dir=\"auto\">Couleur<\/span><\/span><span dir=\"auto\">\u00a0:<\/span><\/td>\n<td class=\"tab_value\"><span dir=\"auto\">Blanc<\/span><\/td>\n<\/tr>\n<tr class=\"dark\">\n<td class=\"tab_title\" width=\"40%\"><span class=\"article\"><span class=\"row_id_143\"><span dir=\"auto\">\u00ab Indice de protection \u00bb<\/span><\/span><\/span><span dir=\"auto\">\u00a0:<\/span><\/td>\n<td class=\"tab_value\"><span dir=\"auto\">IP67<\/span><\/td>\n<\/tr>\n<tr class=\"bright\">\n<td class=\"tab_title\" width=\"40%\"><span class=\"no_row_id_51225\"><span dir=\"auto\">Classe de protection m\u00e9canique<\/span><\/span><span dir=\"auto\">\u00a0:<\/span><\/td>\n<td class=\"tab_value\"><img decoding=\"async\" title=\"\" src=\"https:\/\/shopdelta.eu\/img\/p_table_false.png\" alt=\"\" border=\"0\" \/><\/td>\n<\/tr>\n<tr class=\"dark\">\n<td class=\"tab_title\" width=\"40%\"><span class=\"article\"><span class=\"no_row_id_23565\"><span dir=\"auto\">Temp\u00e9rature de fonctionnement<\/span><\/span><\/span><span dir=\"auto\">\u00a0:<\/span><\/td>\n<td class=\"tab_value\"><span dir=\"auto\">-30 \u00b0C &#8230; 60 \u00b0C<\/span><\/td>\n<\/tr>\n<tr class=\"bright\">\n<td class=\"tab_title\" width=\"40%\"><span class=\"row_id_32\"><span dir=\"auto\">Poids<\/span><\/span><span dir=\"auto\">\u00a0:<\/span><\/td>\n<td class=\"tab_value\"><span dir=\"auto\">0,43 kg<\/span><\/td>\n<\/tr>\n<tr class=\"dark\">\n<td class=\"tab_title\" width=\"40%\"><span class=\"no_row_id_130\"><span dir=\"auto\">Dimensions<\/span><\/span><span dir=\"auto\">\u00a0:<\/span><\/td>\n<td class=\"tab_value\"><span dir=\"auto\">204 x 84 x 76 mm<\/span><\/td>\n<\/tr>\n<tr class=\"bright\">\n<td class=\"tab_title\" width=\"40%\"><span class=\"row_id_4365\"><span dir=\"auto\">Langues prises en charge<\/span><\/span><span dir=\"auto\">\u00a0:<\/span><\/td>\n<td class=\"tab_value\"><span dir=\"auto\">Polonais, anglais, albanais, arabe, espagnol, cor\u00e9en, fran\u00e7ais, n\u00e9erlandais, h\u00e9breu, allemand, portugais, russe, tha\u00ef, turc, ukrainien, vietnamien, italien<\/span><\/td>\n<\/tr>\n<tr class=\"dark\">\n<td class=\"tab_title\" width=\"40%\"><span class=\"no_row_id_57762\"><span dir=\"auto\">Certificat NDAA<\/span><\/span><span dir=\"auto\">\u00a0:<\/span><\/td>\n<td class=\"tab_value\"><img decoding=\"async\" title=\"\" src=\"https:\/\/shopdelta.eu\/img\/p_table_true.png\" alt=\"\" border=\"0\" \/><\/td>\n<\/tr>\n<tr class=\"bright\">\n<td class=\"tab_title\" width=\"40%\"><span class=\"row_id_22236\"><span dir=\"auto\">Fabricant \/ Marque<\/span><\/span><span dir=\"auto\">\u00a0:<\/span><\/td>\n<td class=\"tab_value\"><span dir=\"auto\">TIANDY<\/span><\/td>\n<\/tr>\n<\/tbody>\n<\/table>\n","protected":false},"excerpt":{"rendered":"<p align=\"JUSTIFY\"><span dir=\"auto\">Cam\u00e9ra IP avec algorithme de compression d&rsquo;image H.265 \/ H.264 efficace pour une diffusion vid\u00e9o claire et fluide \u00e0 une r\u00e9solution maximale de 4 MPx.<\/span><\/p>\n<p align=\"JUSTIFY\"><span dir=\"auto\">L&rsquo;objectif motozoom utilis\u00e9 avec une distance focale de 2,8 &#8230; 12 mm permet un r\u00e9glage de l&rsquo;angle de vue \u00e0 distance.<\/span><\/p>\n<p align=\"JUSTIFY\"><span dir=\"auto\">L&rsquo;alimentation PoE, compatible avec la norme 802.3af, rend l&rsquo;appareil plus universel et plus facile \u00e0 installer. La port\u00e9e de l&rsquo;\u00e9clairage infrarouge, selon les donn\u00e9es du fabricant, d\u00e9pend des conditions ext\u00e9rieures (visibilit\u00e9 (transparence de l&rsquo;air), environnement, couleurs des murs, etc.), et de la r\u00e9flectivit\u00e9 de la sc\u00e8ne.<\/span><\/p>\n","protected":false},"featured_media":15103,"comment_status":"open","ping_status":"closed","template":"","meta":[],"product_cat":[238,236],"product_tag":[259],"class_list":{"0":"post-15102","1":"product","2":"type-product","3":"status-publish","4":"has-post-thumbnail","6":"product_cat-securite-surveillance","7":"product_cat-video-surveillance","8":"product_tag-ip-camera","9":"product_brand-tiandy","11":"first","12":"instock","13":"taxable","14":"shipping-taxable","15":"product-type-simple"},"_links":{"self":[{"href":"https:\/\/www.safer-security.net\/index.php?rest_route=\/wp\/v2\/product\/15102","targetHints":{"allow":["GET"]}}],"collection":[{"href":"https:\/\/www.safer-security.net\/index.php?rest_route=\/wp\/v2\/product"}],"about":[{"href":"https:\/\/www.safer-security.net\/index.php?rest_route=\/wp\/v2\/types\/product"}],"replies":[{"embeddable":true,"href":"https:\/\/www.safer-security.net\/index.php?rest_route=%2Fwp%2Fv2%2Fcomments&post=15102"}],"version-history":[{"count":1,"href":"https:\/\/www.safer-security.net\/index.php?rest_route=\/wp\/v2\/product\/15102\/revisions"}],"predecessor-version":[{"id":15104,"href":"https:\/\/www.safer-security.net\/index.php?rest_route=\/wp\/v2\/product\/15102\/revisions\/15104"}],"wp:featuredmedia":[{"embeddable":true,"href":"https:\/\/www.safer-security.net\/index.php?rest_route=\/wp\/v2\/media\/15103"}],"wp:attachment":[{"href":"https:\/\/www.safer-security.net\/index.php?rest_route=%2Fwp%2Fv2%2Fmedia&parent=15102"}],"wp:term":[{"taxonomy":"product_cat","embeddable":true,"href":"https:\/\/www.safer-security.net\/index.php?rest_route=%2Fwp%2Fv2%2Fproduct_cat&post=15102"},{"taxonomy":"product_tag","embeddable":true,"href":"https:\/\/www.safer-security.net\/index.php?rest_route=%2Fwp%2Fv2%2Fproduct_tag&post=15102"}],"curies":[{"name":"wp","href":"https:\/\/api.w.org\/{rel}","templated":true}]}}